{"id":1358,"date":"2025-12-30T23:19:11","date_gmt":"2025-12-30T22:19:11","guid":{"rendered":"https:\/\/thomas-bedel.de\/patio\/?page_id=1358"},"modified":"2025-12-30T23:19:11","modified_gmt":"2025-12-30T22:19:11","slug":"will-frenken","status":"publish","type":"page","link":"https:\/\/thomas-bedel.de\/patio\/will-frenken\/","title":{"rendered":"Will Frenken"},"content":{"rendered":"<p>Arbeitsspuren.<br \/>\nDer Umgebungsdrucker mit Tapezierer-Gesellenbrief tapeziert die Galerie Patio, nachdem er sich die H\u00e4nde mit Druckerschw\u00e4rze eingef\u00e4rbt hat.<\/p>\n","protected":false},"excerpt":{"rendered":"<p>Arbeitsspuren. Der Umgebungsdrucker mit Tapezierer-Gesellenbrief tapeziert die Galerie Patio, nachdem er sich die H\u00e4nde mit Druckerschw\u00e4rze eingef\u00e4rbt hat.<\/p>\n","protected":false},"author":1,"featured_media":0,"parent":0,"menu_order":0,"comment_status":"closed","ping_status":"closed","template":"","meta":{"_coblocks_attr":"","_coblocks_dimensions":"","_coblocks_responsive_height":"","_coblocks_accordion_ie_support":"","_links_to":"","_links_to_target":""},"_links":{"self":[{"href":"https:\/\/thomas-bedel.de\/patio\/wp-json\/wp\/v2\/pages\/1358"}],"collection":[{"href":"https:\/\/thomas-bedel.de\/patio\/wp-json\/wp\/v2\/pages"}],"about":[{"href":"https:\/\/thomas-bedel.de\/patio\/wp-json\/wp\/v2\/types\/page"}],"author":[{"embeddable":true,"href":"https:\/\/thomas-bedel.de\/patio\/wp-json\/wp\/v2\/users\/1"}],"replies":[{"embeddable":true,"href":"https:\/\/thomas-bedel.de\/patio\/wp-json\/wp\/v2\/comments?post=1358"}],"version-history":[{"count":1,"href":"https:\/\/thomas-bedel.de\/patio\/wp-json\/wp\/v2\/pages\/1358\/revisions"}],"predecessor-version":[{"id":1359,"href":"https:\/\/thomas-bedel.de\/patio\/wp-json\/wp\/v2\/pages\/1358\/revisions\/1359"}],"wp:attachment":[{"href":"https:\/\/thomas-bedel.de\/patio\/wp-json\/wp\/v2\/media?parent=1358"}],"curies":[{"name":"wp","href":"https:\/\/api.w.org\/{rel}","templated":true}]}}