{"id":1377,"date":"2025-12-31T00:01:20","date_gmt":"2025-12-30T23:01:20","guid":{"rendered":"https:\/\/thomas-bedel.de\/patio\/?page_id=1377"},"modified":"2025-12-31T00:01:20","modified_gmt":"2025-12-30T23:01:20","slug":"accrochage","status":"publish","type":"page","link":"https:\/\/thomas-bedel.de\/patio\/accrochage\/","title":{"rendered":"Accrochage"},"content":{"rendered":"<p>Regine Behrends, Paulus B\u00f6hmer, Ulrich Bossmann, Peter Engel, Bernhard J\u00e4ger, Nikolaus Jungwirth, Walter Kroe, Manfred Linke, Gabi Michel, Klaus M\u00fcnchschwander, Michael Stiegler, Hermann Tomada, Walter Zimbrich.<\/p>\n","protected":false},"excerpt":{"rendered":"<p>Regine Behrends, Paulus B\u00f6hmer, Ulrich Bossmann, Peter Engel, Bernhard J\u00e4ger, Nikolaus Jungwirth, Walter Kroe, Manfred Linke, Gabi Michel, Klaus M\u00fcnchschwander, Michael Stiegler, Hermann Tomada, Walter Zimbrich.<\/p>\n","protected":false},"author":1,"featured_media":0,"parent":0,"menu_order":0,"comment_status":"closed","ping_status":"closed","template":"","meta":{"_coblocks_attr":"","_coblocks_dimensions":"","_coblocks_responsive_height":"","_coblocks_accordion_ie_support":"","_links_to":"","_links_to_target":""},"_links":{"self":[{"href":"https:\/\/thomas-bedel.de\/patio\/wp-json\/wp\/v2\/pages\/1377"}],"collection":[{"href":"https:\/\/thomas-bedel.de\/patio\/wp-json\/wp\/v2\/pages"}],"about":[{"href":"https:\/\/thomas-bedel.de\/patio\/wp-json\/wp\/v2\/types\/page"}],"author":[{"embeddable":true,"href":"https:\/\/thomas-bedel.de\/patio\/wp-json\/wp\/v2\/users\/1"}],"replies":[{"embeddable":true,"href":"https:\/\/thomas-bedel.de\/patio\/wp-json\/wp\/v2\/comments?post=1377"}],"version-history":[{"count":1,"href":"https:\/\/thomas-bedel.de\/patio\/wp-json\/wp\/v2\/pages\/1377\/revisions"}],"predecessor-version":[{"id":1378,"href":"https:\/\/thomas-bedel.de\/patio\/wp-json\/wp\/v2\/pages\/1377\/revisions\/1378"}],"wp:attachment":[{"href":"https:\/\/thomas-bedel.de\/patio\/wp-json\/wp\/v2\/media?parent=1377"}],"curies":[{"name":"wp","href":"https:\/\/api.w.org\/{rel}","templated":true}]}}