{"id":82,"date":"2025-03-26T16:19:39","date_gmt":"2025-03-26T15:19:39","guid":{"rendered":"https:\/\/thomas-bedel.de\/patio\/?page_id=82"},"modified":"2026-01-01T23:32:36","modified_gmt":"2026-01-01T22:32:36","slug":"ussr","status":"publish","type":"page","link":"https:\/\/thomas-bedel.de\/patio\/ussr\/","title":{"rendered":"Back from USSR"},"content":{"rendered":"<p>1991 beteiligt sich Patio an der ART Frankfurt. Dort erscheint am Stand mehrmals Frau Inna Krymova, die in Moskau ist, was dazumal Anita Kaegi in Frankfurt. Sie bereitet eben ARTMif vor, die Internationale Moskauer Kunstmesse, und ist der Meinung, Patio m\u00fcsse sich daran unbedingt beteiligen, der Ausstellungsstand wird kostenlos zur Verf\u00fcgung gestellt, Unterkunft und Speise dazu. Patio nimmt&#8217;s zuerst als guten Gag, aber kurz nach der Messe kommen sogar zwei Kuriere aus Moskau, die einen Brief bringen, in dem Patio noch einmal beschworen wird. Nun ist sogar der Transport des Ausstellungsgutes nach Moskau und zur\u00fcck finanziert. Es wird nun ernst. Klaus M\u00fcnchschwander und Friedel werden Patio in Moskau vertreten. Nicht nur das Ausstellungsgut, die Bilder, sondern die gesamte Standausstattung mu\u00df nach Moskau, selbst N\u00e4gel, Hammer, Zange, Schnur, Klebstoff, Clopapier, alles. Dazu konstruiert Klaus eine platterdings sagenhafte Kiste, eine rechte Kiste des Columbus, in die, als sie fertig gepackt war, aber auch kein Lorbeerblatt mehr hinein gepa\u00dft h\u00e4tte. In Moskau logieren die beiden als VIPs in einer Suite im Hotel MOCKBA. Auf der Messe selbst ist Patio die einzige deutsche Galerie. Gro\u00dfes Besucher-interesse, kein Geld. Alle gezeigten Kunstwerke kehren deshalb so nach Deutschland zur\u00fcck, wie sie nach Moskau gereist sind.<br \/>\nNach der R\u00fcckkehr aus Moskau macht Patio eine Ausstellung unter dem Titel \u201eBack from the USSR. Patio packt die Kiste aus.&#8220; Im Ausstellungsraum steht nichts als die Kiste. Die wird ausgepackt, und die Ausstellung wird erst in Anwesenheit der Besucher geh\u00e4ngt. Am Tag danach ist alles wieder weg. Es bleibt das sch\u00f6ne Ausstellungsplakat von Klaus M\u00fcnchschwander.<\/p>\n<p>&nbsp;<\/p>\n<p><a href=\"https:\/\/thomas-bedel.de\/patio\/wp-content\/uploads\/sites\/3\/2025\/03\/Ussr.jpg\"><img decoding=\"async\" loading=\"lazy\" class=\"aligncenter size-large wp-image-83\" src=\"https:\/\/thomas-bedel.de\/patio\/wp-content\/uploads\/sites\/3\/2025\/03\/Ussr-734x1024.jpg\" alt=\"\" width=\"734\" height=\"1024\" srcset=\"https:\/\/thomas-bedel.de\/patio\/wp-content\/uploads\/sites\/3\/2025\/03\/Ussr-734x1024.jpg 734w, https:\/\/thomas-bedel.de\/patio\/wp-content\/uploads\/sites\/3\/2025\/03\/Ussr-215x300.jpg 215w, https:\/\/thomas-bedel.de\/patio\/wp-content\/uploads\/sites\/3\/2025\/03\/Ussr-768x1072.jpg 768w, https:\/\/thomas-bedel.de\/patio\/wp-content\/uploads\/sites\/3\/2025\/03\/Ussr.jpg 1075w\" sizes=\"(max-width: 734px) 100vw, 734px\" \/><\/a><\/p>\n","protected":false},"excerpt":{"rendered":"<p>1991 beteiligt sich Patio an der ART Frankfurt. Dort erscheint am Stand mehrmals Frau Inna Krymova, die in Moskau ist, was dazumal Anita Kaegi in Frankfurt. Sie bereitet eben ARTMif vor, die Internationale Moskauer Kunstmesse, und ist der Meinung, Patio m\u00fcsse sich daran unbedingt beteiligen, der Ausstellungsstand wird kostenlos zur Verf\u00fcgung gestellt, Unterkunft und Speise<\/p>\n","protected":false},"author":1,"featured_media":0,"parent":0,"menu_order":0,"comment_status":"closed","ping_status":"closed","template":"","meta":{"_coblocks_attr":"","_coblocks_dimensions":"","_coblocks_responsive_height":"","_coblocks_accordion_ie_support":"","_links_to":"","_links_to_target":""},"_links":{"self":[{"href":"https:\/\/thomas-bedel.de\/patio\/wp-json\/wp\/v2\/pages\/82"}],"collection":[{"href":"https:\/\/thomas-bedel.de\/patio\/wp-json\/wp\/v2\/pages"}],"about":[{"href":"https:\/\/thomas-bedel.de\/patio\/wp-json\/wp\/v2\/types\/page"}],"author":[{"embeddable":true,"href":"https:\/\/thomas-bedel.de\/patio\/wp-json\/wp\/v2\/users\/1"}],"replies":[{"embeddable":true,"href":"https:\/\/thomas-bedel.de\/patio\/wp-json\/wp\/v2\/comments?post=82"}],"version-history":[{"count":4,"href":"https:\/\/thomas-bedel.de\/patio\/wp-json\/wp\/v2\/pages\/82\/revisions"}],"predecessor-version":[{"id":1400,"href":"https:\/\/thomas-bedel.de\/patio\/wp-json\/wp\/v2\/pages\/82\/revisions\/1400"}],"wp:attachment":[{"href":"https:\/\/thomas-bedel.de\/patio\/wp-json\/wp\/v2\/media?parent=82"}],"curies":[{"name":"wp","href":"https:\/\/api.w.org\/{rel}","templated":true}]}}