{"id":4807,"date":"2025-11-16T21:40:23","date_gmt":"2025-11-16T20:40:23","guid":{"rendered":"https:\/\/thomas-bedel.de\/walter-zimbrich\/?page_id=4807"},"modified":"2025-11-19T23:15:51","modified_gmt":"2025-11-19T22:15:51","slug":"1998-transit","status":"publish","type":"page","link":"https:\/\/thomas-bedel.de\/walter-zimbrich\/1998-transit\/","title":{"rendered":"1998 &#8211; Transit"},"content":{"rendered":"<table style=\"border-collapse: collapse; width: 100%;\">\n<tbody>\n<tr>\n<td style=\"width: 50%;\"><span style=\"font-family: tahoma, arial, helvetica, sans-serif;\"><a href=\"https:\/\/thomas-bedel.de\/walter-zimbrich\/wp-content\/uploads\/sites\/2\/2025\/04\/Transubstantiation-transgenetisch.jpg\"><img decoding=\"async\" loading=\"lazy\" class=\"aligncenter wp-image-3047 size-thumbnail\" src=\"https:\/\/thomas-bedel.de\/walter-zimbrich\/wp-content\/uploads\/sites\/2\/2025\/04\/Transubstantiation-transgenetisch-e1745869625105-150x133.jpg\" alt=\"\" width=\"150\" height=\"133\" \/><\/a><\/span><\/td>\n<td style=\"width: 50%;\">\n<p class=\"p1\"><span style=\"font-family: tahoma, arial, helvetica, sans-serif;\"><strong>Transubstantiation <span class=\"s1\"><i>I <\/i><\/span>transgenetisch<\/strong><\/span><\/p>\n<p><span style=\"font-family: tahoma, arial, helvetica, sans-serif;\"><strong>Technik:<\/strong> Collage in Holzobjekt<\/span><\/p>\n<p><span style=\"font-family: tahoma, arial, helvetica, sans-serif;\"><strong>Gr\u00f6\u00dfe: <\/strong>100 x 40 cm bis 100 x 120 cm<\/span><\/p>\n<p><span style=\"font-family: tahoma, arial, helvetica, sans-serif;\"><strong>Werkverzeichnis:\u00a0<\/strong>Tra\/1\/98<\/span><\/p>\n<p>&nbsp;<\/td>\n<\/tr>\n<tr>\n<td style=\"width: 50%;\"><span style=\"font-family: tahoma, arial, helvetica, sans-serif;\"><a href=\"https:\/\/thomas-bedel.de\/walter-zimbrich\/wp-content\/uploads\/sites\/2\/2025\/04\/le-lendemain.jpg\"><img decoding=\"async\" loading=\"lazy\" class=\"aligncenter wp-image-3046 size-thumbnail\" src=\"https:\/\/thomas-bedel.de\/walter-zimbrich\/wp-content\/uploads\/sites\/2\/2025\/04\/le-lendemain-e1745869531609-150x138.jpg\" alt=\"\" width=\"150\" height=\"138\" \/><\/a><\/span><\/td>\n<td style=\"width: 50%;\">\n<p class=\"p1\"><span style=\"font-family: tahoma, arial, helvetica, sans-serif;\"><strong>le lendemain<\/strong><\/span><\/p>\n<p class=\"p1\"><span style=\"font-family: tahoma, arial, helvetica, sans-serif;\"><strong>Technik:<\/strong> Holzobjekt, bemalt<\/span><\/p>\n<p class=\"p1\"><span style=\"font-family: tahoma, arial, helvetica, sans-serif;\"><strong>Gr\u00f6\u00dfe: <\/strong>131 <span class=\"s1\">X <\/span>88 cm<\/span><\/p>\n<p><span style=\"font-family: tahoma, arial, helvetica, sans-serif;\"><strong>Werkverzeichnis:\u00a0<\/strong>Tra\/2\/98<\/span><\/p>\n<p>&nbsp;<\/td>\n<\/tr>\n<tr>\n<td style=\"width: 50%;\"><span style=\"font-family: tahoma, arial, helvetica, sans-serif;\"><a href=\"https:\/\/thomas-bedel.de\/walter-zimbrich\/wp-content\/uploads\/sites\/2\/2025\/04\/Walter-Zimbrich-082-\u2013-Version-2.jpg\"><img decoding=\"async\" loading=\"lazy\" class=\"aligncenter wp-image-3048 size-thumbnail\" src=\"https:\/\/thomas-bedel.de\/walter-zimbrich\/wp-content\/uploads\/sites\/2\/2025\/04\/Walter-Zimbrich-082-\u2013-Version-2-e1745869474251-150x150.jpg\" alt=\"\" width=\"150\" height=\"150\" \/><\/a><\/span><\/td>\n<td style=\"width: 50%;\">\n<p class=\"p1\"><span style=\"font-family: tahoma, arial, helvetica, sans-serif;\"><strong>Der Gang zu den M\u00fcttern<\/strong><\/span><\/p>\n<p><span style=\"font-family: tahoma, arial, helvetica, sans-serif;\"><strong>Technik:<\/strong> Collage in Holzobjekt<\/span><\/p>\n<p><span style=\"font-family: tahoma, arial, helvetica, sans-serif;\"><strong>Gr\u00f6\u00dfe: <\/strong>135 x 40 cm bis 135 x 120 cm<\/span><\/p>\n<p><span style=\"font-family: tahoma, arial, helvetica, sans-serif;\"><strong>Werkverzeichnis:\u00a0<\/strong>Tra\/3\/98<\/span><\/p>\n<p><span style=\"font-family: tahoma, arial, helvetica, sans-serif;\"><em>UNVERK\u00c4UFLICH<\/em><\/span><\/td>\n<\/tr>\n<\/tbody>\n<\/table>\n","protected":false},"excerpt":{"rendered":"<p>Transubstantiation I transgenetisch Technik: Collage in Holzobjekt Gr\u00f6\u00dfe: 100 x 40 cm bis 100 x 120 cm Werkverzeichnis:\u00a0Tra\/1\/98 &nbsp; le lendemain Technik: Holzobjekt, bemalt Gr\u00f6\u00dfe: 131 X 88 cm Werkverzeichnis:\u00a0Tra\/2\/98 &nbsp; Der Gang zu den M\u00fcttern Technik: Collage in Holzobjekt Gr\u00f6\u00dfe: 135 x 40 cm bis 135 x 120 cm Werkverzeichnis:\u00a0Tra\/3\/98 UNVERK\u00c4UFLICH<\/p>\n","protected":false},"author":1,"featured_media":0,"parent":0,"menu_order":0,"comment_status":"closed","ping_status":"closed","template":"","meta":{"_coblocks_attr":"","_coblocks_dimensions":"","_coblocks_responsive_height":"","_coblocks_accordion_ie_support":"","_links_to":"","_links_to_target":""},"_links":{"self":[{"href":"https:\/\/thomas-bedel.de\/walter-zimbrich\/wp-json\/wp\/v2\/pages\/4807"}],"collection":[{"href":"https:\/\/thomas-bedel.de\/walter-zimbrich\/wp-json\/wp\/v2\/pages"}],"about":[{"href":"https:\/\/thomas-bedel.de\/walter-zimbrich\/wp-json\/wp\/v2\/types\/page"}],"author":[{"embeddable":true,"href":"https:\/\/thomas-bedel.de\/walter-zimbrich\/wp-json\/wp\/v2\/users\/1"}],"replies":[{"embeddable":true,"href":"https:\/\/thomas-bedel.de\/walter-zimbrich\/wp-json\/wp\/v2\/comments?post=4807"}],"version-history":[{"count":3,"href":"https:\/\/thomas-bedel.de\/walter-zimbrich\/wp-json\/wp\/v2\/pages\/4807\/revisions"}],"predecessor-version":[{"id":5000,"href":"https:\/\/thomas-bedel.de\/walter-zimbrich\/wp-json\/wp\/v2\/pages\/4807\/revisions\/5000"}],"wp:attachment":[{"href":"https:\/\/thomas-bedel.de\/walter-zimbrich\/wp-json\/wp\/v2\/media?parent=4807"}],"curies":[{"name":"wp","href":"https:\/\/api.w.org\/{rel}","templated":true}]}}