{"id":4829,"date":"2025-11-17T21:34:39","date_gmt":"2025-11-17T20:34:39","guid":{"rendered":"https:\/\/thomas-bedel.de\/walter-zimbrich\/?page_id=4829"},"modified":"2025-11-17T21:34:56","modified_gmt":"2025-11-17T20:34:56","slug":"1968-saubere-dinge","status":"publish","type":"page","link":"https:\/\/thomas-bedel.de\/walter-zimbrich\/1968-saubere-dinge\/","title":{"rendered":"1968 &#8211; Saubere Dinge"},"content":{"rendered":"<table style=\"width: 100%;\">\n<tbody>\n<tr>\n<td style=\"width: 48.2233%;\"><span style=\"font-family: tahoma, arial, helvetica, sans-serif;\"><img decoding=\"async\" loading=\"lazy\" class=\"aligncenter wp-image-4488 size-thumbnail\" src=\"https:\/\/thomas-bedel.de\/walter-zimbrich\/wp-content\/uploads\/sites\/2\/2025\/11\/blanco-150x150.jpg\" alt=\"\" width=\"150\" height=\"150\" srcset=\"https:\/\/thomas-bedel.de\/walter-zimbrich\/wp-content\/uploads\/sites\/2\/2025\/11\/blanco-150x150.jpg 150w, https:\/\/thomas-bedel.de\/walter-zimbrich\/wp-content\/uploads\/sites\/2\/2025\/11\/blanco-298x300.jpg 298w, https:\/\/thomas-bedel.de\/walter-zimbrich\/wp-content\/uploads\/sites\/2\/2025\/11\/blanco.jpg 603w\" sizes=\"(max-width: 150px) 100vw, 150px\" \/><\/span><\/td>\n<td style=\"width: 112.331%;\"><span style=\"font-family: tahoma, arial, helvetica, sans-serif;\"><strong>Selbstbinder<\/strong><\/span><\/p>\n<p><span style=\"font-family: tahoma, arial, helvetica, sans-serif;\"><strong>Technik:\u00a0<\/strong>PVC-Folie<\/span><\/p>\n<p><span style=\"font-family: tahoma, arial, helvetica, sans-serif;\"><strong>Gr\u00f6\u00dfe:<\/strong>\u00a090 x 120 cm<\/span><\/p>\n<p><span style=\"font-family: tahoma, arial, helvetica, sans-serif;\"><strong>Werkverzeichnis:\u00a0<\/strong>sDi\/1\/68<\/span><\/p>\n<p><span style=\"font-family: tahoma, arial, helvetica, sans-serif;\"><strong><em>zerst\u00f6rt (Wasserschaden 2023)<\/em><\/strong><\/span><\/td>\n<\/tr>\n<tr>\n<td style=\"width: 48.2233%;\"><span style=\"font-family: tahoma, arial, helvetica, sans-serif;\"><img decoding=\"async\" loading=\"lazy\" class=\"aligncenter wp-image-4488 size-thumbnail\" src=\"https:\/\/thomas-bedel.de\/walter-zimbrich\/wp-content\/uploads\/sites\/2\/2025\/11\/blanco-150x150.jpg\" alt=\"\" width=\"150\" height=\"150\" srcset=\"https:\/\/thomas-bedel.de\/walter-zimbrich\/wp-content\/uploads\/sites\/2\/2025\/11\/blanco-150x150.jpg 150w, https:\/\/thomas-bedel.de\/walter-zimbrich\/wp-content\/uploads\/sites\/2\/2025\/11\/blanco-298x300.jpg 298w, https:\/\/thomas-bedel.de\/walter-zimbrich\/wp-content\/uploads\/sites\/2\/2025\/11\/blanco.jpg 603w\" sizes=\"(max-width: 150px) 100vw, 150px\" \/><\/span><\/td>\n<td style=\"width: 112.331%;\">\n<div class=\"page\" title=\"Page 87\">\n<div class=\"section\">\n<div class=\"layoutArea\">\n<div class=\"column\">\n<p><span style=\"font-family: tahoma, arial, helvetica, sans-serif;\"><strong>Rosa R\u00f6ckchen<\/strong><\/span><\/p>\n<\/div>\n<\/div>\n<\/div>\n<\/div>\n<p><span style=\"font-family: tahoma, arial, helvetica, sans-serif;\"><strong>Technik:\u00a0<\/strong>PVC-Folie<\/span><\/p>\n<p><span style=\"font-family: tahoma, arial, helvetica, sans-serif;\"><strong>Gr\u00f6\u00dfe:<\/strong>\u00a090 x 120 cm<\/span><\/p>\n<p><span style=\"font-family: tahoma, arial, helvetica, sans-serif;\"><strong>Werkverzeichnis:\u00a0<\/strong>sDi\/2\/68<\/span><\/p>\n<p><span style=\"font-family: tahoma, arial, helvetica, sans-serif;\"><strong><em>zerst\u00f6rt (Wasserschaden 2023)<\/em><\/strong><\/span><\/td>\n<\/tr>\n<tr>\n<td style=\"width: 48.2233%;\"><span style=\"font-family: tahoma, arial, helvetica, sans-serif;\"><img decoding=\"async\" loading=\"lazy\" class=\"aligncenter wp-image-4488 size-thumbnail\" src=\"https:\/\/thomas-bedel.de\/walter-zimbrich\/wp-content\/uploads\/sites\/2\/2025\/11\/blanco-150x150.jpg\" alt=\"\" width=\"150\" height=\"150\" srcset=\"https:\/\/thomas-bedel.de\/walter-zimbrich\/wp-content\/uploads\/sites\/2\/2025\/11\/blanco-150x150.jpg 150w, https:\/\/thomas-bedel.de\/walter-zimbrich\/wp-content\/uploads\/sites\/2\/2025\/11\/blanco-298x300.jpg 298w, https:\/\/thomas-bedel.de\/walter-zimbrich\/wp-content\/uploads\/sites\/2\/2025\/11\/blanco.jpg 603w\" sizes=\"(max-width: 150px) 100vw, 150px\" \/><\/span><\/td>\n<td style=\"width: 112.331%;\"><span style=\"font-family: tahoma, arial, helvetica, sans-serif;\"><strong>Der rote und der gr\u00fcne Wei\u00dfmacher<\/strong><\/span><\/p>\n<p><span style=\"font-family: tahoma, arial, helvetica, sans-serif;\"><strong>Technik:\u00a0<\/strong>PVC-Folie<\/span><\/p>\n<p><span style=\"font-family: tahoma, arial, helvetica, sans-serif;\"><strong>Gr\u00f6\u00dfe:<\/strong>\u00a090 x 120 cm<\/span><\/p>\n<p><span style=\"font-family: tahoma, arial, helvetica, sans-serif;\"><strong>Werkverzeichnis:\u00a0<\/strong>sDi\/3\/68<\/span><\/p>\n<p><span style=\"font-family: tahoma, arial, helvetica, sans-serif;\"><strong><em>zerst\u00f6rt (Wasserschaden 2023)<\/em><\/strong><\/span><\/td>\n<\/tr>\n<tr>\n<td style=\"width: 48.2233%;\"><span style=\"font-family: tahoma, arial, helvetica, sans-serif;\"><img decoding=\"async\" loading=\"lazy\" class=\"aligncenter wp-image-4488 size-thumbnail\" src=\"https:\/\/thomas-bedel.de\/walter-zimbrich\/wp-content\/uploads\/sites\/2\/2025\/11\/blanco-150x150.jpg\" alt=\"\" width=\"150\" height=\"150\" srcset=\"https:\/\/thomas-bedel.de\/walter-zimbrich\/wp-content\/uploads\/sites\/2\/2025\/11\/blanco-150x150.jpg 150w, https:\/\/thomas-bedel.de\/walter-zimbrich\/wp-content\/uploads\/sites\/2\/2025\/11\/blanco-298x300.jpg 298w, https:\/\/thomas-bedel.de\/walter-zimbrich\/wp-content\/uploads\/sites\/2\/2025\/11\/blanco.jpg 603w\" sizes=\"(max-width: 150px) 100vw, 150px\" \/><\/span><\/td>\n<td style=\"width: 112.331%;\"><span style=\"font-family: tahoma, arial, helvetica, sans-serif;\"><strong>Malheur<\/strong><\/span><\/p>\n<p><span style=\"font-family: tahoma, arial, helvetica, sans-serif;\"><strong>Technik:\u00a0<\/strong>PVC-Folie<\/span><\/p>\n<p><span style=\"font-family: tahoma, arial, helvetica, sans-serif;\"><strong>Gr\u00f6\u00dfe:<\/strong>\u00a090 x 120 cm<\/span><\/p>\n<p><span style=\"font-family: tahoma, arial, helvetica, sans-serif;\"><strong>Werkverzeichnis:\u00a0<\/strong>sDi\/4\/68<\/span><\/p>\n<p><span style=\"font-family: tahoma, arial, helvetica, sans-serif;\"><strong><em>zerst\u00f6rt (Wasserschaden 2023)<\/em><\/strong><\/span><\/td>\n<\/tr>\n<tr>\n<td style=\"width: 48.2233%;\"><span style=\"font-family: tahoma, arial, helvetica, sans-serif;\"><img decoding=\"async\" loading=\"lazy\" class=\"aligncenter wp-image-4488 size-thumbnail\" src=\"https:\/\/thomas-bedel.de\/walter-zimbrich\/wp-content\/uploads\/sites\/2\/2025\/11\/blanco-150x150.jpg\" alt=\"\" width=\"150\" height=\"150\" srcset=\"https:\/\/thomas-bedel.de\/walter-zimbrich\/wp-content\/uploads\/sites\/2\/2025\/11\/blanco-150x150.jpg 150w, https:\/\/thomas-bedel.de\/walter-zimbrich\/wp-content\/uploads\/sites\/2\/2025\/11\/blanco-298x300.jpg 298w, https:\/\/thomas-bedel.de\/walter-zimbrich\/wp-content\/uploads\/sites\/2\/2025\/11\/blanco.jpg 603w\" sizes=\"(max-width: 150px) 100vw, 150px\" \/><\/span><\/td>\n<td style=\"width: 112.331%;\"><span style=\"font-family: tahoma, arial, helvetica, sans-serif;\"><strong>Badeanzug<\/strong><\/span><\/p>\n<p><span style=\"font-family: tahoma, arial, helvetica, sans-serif;\"><strong>Technik:\u00a0<\/strong>PVC-Folie<\/span><\/p>\n<p><span style=\"font-family: tahoma, arial, helvetica, sans-serif;\"><strong>Gr\u00f6\u00dfe:<\/strong>\u00a090 x 120 cm<\/span><\/p>\n<p><span style=\"font-family: tahoma, arial, helvetica, sans-serif;\"><strong>Werkverzeichnis:\u00a0<\/strong>sDi\/5\/68<\/span><\/p>\n<p><span style=\"font-family: tahoma, arial, helvetica, sans-serif;\"><strong><em>zerst\u00f6rt (Wasserschaden 2023)<\/em><\/strong><\/span><\/td>\n<\/tr>\n<tr>\n<td style=\"width: 48.2233%;\"><span style=\"font-family: tahoma, arial, helvetica, sans-serif;\"><img decoding=\"async\" loading=\"lazy\" class=\"aligncenter wp-image-4488 size-thumbnail\" src=\"https:\/\/thomas-bedel.de\/walter-zimbrich\/wp-content\/uploads\/sites\/2\/2025\/11\/blanco-150x150.jpg\" alt=\"\" width=\"150\" height=\"150\" srcset=\"https:\/\/thomas-bedel.de\/walter-zimbrich\/wp-content\/uploads\/sites\/2\/2025\/11\/blanco-150x150.jpg 150w, https:\/\/thomas-bedel.de\/walter-zimbrich\/wp-content\/uploads\/sites\/2\/2025\/11\/blanco-298x300.jpg 298w, https:\/\/thomas-bedel.de\/walter-zimbrich\/wp-content\/uploads\/sites\/2\/2025\/11\/blanco.jpg 603w\" sizes=\"(max-width: 150px) 100vw, 150px\" \/><\/span><\/td>\n<td style=\"width: 112.331%;\"><span style=\"font-family: tahoma, arial, helvetica, sans-serif;\"><strong>Zeichnung<\/strong><\/span><\/p>\n<p><span style=\"font-family: tahoma, arial, helvetica, sans-serif;\"><strong>Technik:\u00a0<\/strong>PVC-Folie<\/span><\/p>\n<p><span style=\"font-family: tahoma, arial, helvetica, sans-serif;\"><strong>Gr\u00f6\u00dfe:<\/strong>\u00a090 x 120 cm<\/span><\/p>\n<p><span style=\"font-family: tahoma, arial, helvetica, sans-serif;\"><strong>Werkverzeichnis:\u00a0<\/strong>sDi\/6\/68<\/span><\/p>\n<p><span style=\"font-family: tahoma, arial, helvetica, sans-serif;\"><strong><em>zerst\u00f6rt (Wasserschaden 2023)<\/em><\/strong><\/span><\/td>\n<\/tr>\n<tr>\n<td style=\"width: 48.2233%;\"><span style=\"font-family: tahoma, arial, helvetica, sans-serif;\"><img decoding=\"async\" loading=\"lazy\" class=\"aligncenter wp-image-4488 size-thumbnail\" src=\"https:\/\/thomas-bedel.de\/walter-zimbrich\/wp-content\/uploads\/sites\/2\/2025\/11\/blanco-150x150.jpg\" alt=\"\" width=\"150\" height=\"150\" srcset=\"https:\/\/thomas-bedel.de\/walter-zimbrich\/wp-content\/uploads\/sites\/2\/2025\/11\/blanco-150x150.jpg 150w, https:\/\/thomas-bedel.de\/walter-zimbrich\/wp-content\/uploads\/sites\/2\/2025\/11\/blanco-298x300.jpg 298w, https:\/\/thomas-bedel.de\/walter-zimbrich\/wp-content\/uploads\/sites\/2\/2025\/11\/blanco.jpg 603w\" sizes=\"(max-width: 150px) 100vw, 150px\" \/><\/span><\/td>\n<td style=\"width: 112.331%;\"><span style=\"font-family: tahoma, arial, helvetica, sans-serif;\"><strong>F\u00e4hnchen<\/strong><\/span><\/p>\n<p><span style=\"font-family: tahoma, arial, helvetica, sans-serif;\"><strong>Technik:\u00a0<\/strong>PVC-Folie<\/span><\/p>\n<p><span style=\"font-family: tahoma, arial, helvetica, sans-serif;\"><strong>Gr\u00f6\u00dfe:<\/strong>\u00a090 x 120 cm<\/span><\/p>\n<p><span style=\"font-family: tahoma, arial, helvetica, sans-serif;\"><strong>Werkverzeichnis:\u00a0<\/strong>sDi\/7\/68<\/span><\/p>\n<p><span style=\"font-family: tahoma, arial, helvetica, sans-serif;\"><strong><em>zerst\u00f6rt (Wasserschaden 2023)<\/em><\/strong><\/span><\/td>\n<\/tr>\n<\/tbody>\n<\/table>\n<p><span style=\"font-family: tahoma, arial, helvetica, sans-serif;\">\u00a0<\/span><\/p>\n","protected":false},"excerpt":{"rendered":"<p>Selbstbinder Technik:\u00a0PVC-Folie Gr\u00f6\u00dfe:\u00a090 x 120 cm Werkverzeichnis:\u00a0sDi\/1\/68 zerst\u00f6rt (Wasserschaden 2023) Rosa R\u00f6ckchen Technik:\u00a0PVC-Folie Gr\u00f6\u00dfe:\u00a090 x 120 cm Werkverzeichnis:\u00a0sDi\/2\/68 zerst\u00f6rt (Wasserschaden 2023) Der rote und der gr\u00fcne Wei\u00dfmacher Technik:\u00a0PVC-Folie Gr\u00f6\u00dfe:\u00a090 x 120 cm Werkverzeichnis:\u00a0sDi\/3\/68 zerst\u00f6rt (Wasserschaden 2023) Malheur Technik:\u00a0PVC-Folie Gr\u00f6\u00dfe:\u00a090 x 120 cm Werkverzeichnis:\u00a0sDi\/4\/68 zerst\u00f6rt (Wasserschaden 2023) Badeanzug Technik:\u00a0PVC-Folie Gr\u00f6\u00dfe:\u00a090 x 120 cm Werkverzeichnis:\u00a0sDi\/5\/68 zerst\u00f6rt (Wasserschaden<\/p>\n","protected":false},"author":1,"featured_media":0,"parent":0,"menu_order":0,"comment_status":"closed","ping_status":"closed","template":"","meta":{"_coblocks_attr":"","_coblocks_dimensions":"","_coblocks_responsive_height":"","_coblocks_accordion_ie_support":"","_links_to":"","_links_to_target":""},"_links":{"self":[{"href":"https:\/\/thomas-bedel.de\/walter-zimbrich\/wp-json\/wp\/v2\/pages\/4829"}],"collection":[{"href":"https:\/\/thomas-bedel.de\/walter-zimbrich\/wp-json\/wp\/v2\/pages"}],"about":[{"href":"https:\/\/thomas-bedel.de\/walter-zimbrich\/wp-json\/wp\/v2\/types\/page"}],"author":[{"embeddable":true,"href":"https:\/\/thomas-bedel.de\/walter-zimbrich\/wp-json\/wp\/v2\/users\/1"}],"replies":[{"embeddable":true,"href":"https:\/\/thomas-bedel.de\/walter-zimbrich\/wp-json\/wp\/v2\/comments?post=4829"}],"version-history":[{"count":2,"href":"https:\/\/thomas-bedel.de\/walter-zimbrich\/wp-json\/wp\/v2\/pages\/4829\/revisions"}],"predecessor-version":[{"id":4831,"href":"https:\/\/thomas-bedel.de\/walter-zimbrich\/wp-json\/wp\/v2\/pages\/4829\/revisions\/4831"}],"wp:attachment":[{"href":"https:\/\/thomas-bedel.de\/walter-zimbrich\/wp-json\/wp\/v2\/media?parent=4829"}],"curies":[{"name":"wp","href":"https:\/\/api.w.org\/{rel}","templated":true}]}}