{"id":4892,"date":"2025-11-17T23:18:15","date_gmt":"2025-11-17T22:18:15","guid":{"rendered":"https:\/\/thomas-bedel.de\/walter-zimbrich\/?page_id=4892"},"modified":"2025-11-19T23:17:26","modified_gmt":"2025-11-19T22:17:26","slug":"2000-heptameron","status":"publish","type":"page","link":"https:\/\/thomas-bedel.de\/walter-zimbrich\/2000-heptameron\/","title":{"rendered":"2000 &#8211; Heptameron"},"content":{"rendered":"<table style=\"border-collapse: collapse; width: 100%;\">\n<tbody>\n<tr>\n<td style=\"width: 50%; text-align: center;\"><span style=\"font-family: tahoma, arial, helvetica, sans-serif;\"><a href=\"https:\/\/thomas-bedel.de\/walter-zimbrich\/wp-content\/uploads\/sites\/2\/2025\/11\/blanco.jpg\"><img decoding=\"async\" loading=\"lazy\" class=\"aligncenter size-thumbnail wp-image-4488\" src=\"https:\/\/thomas-bedel.de\/walter-zimbrich\/wp-content\/uploads\/sites\/2\/2025\/11\/blanco-150x150.jpg\" alt=\"\" width=\"150\" height=\"150\" srcset=\"https:\/\/thomas-bedel.de\/walter-zimbrich\/wp-content\/uploads\/sites\/2\/2025\/11\/blanco-150x150.jpg 150w, https:\/\/thomas-bedel.de\/walter-zimbrich\/wp-content\/uploads\/sites\/2\/2025\/11\/blanco-298x300.jpg 298w, https:\/\/thomas-bedel.de\/walter-zimbrich\/wp-content\/uploads\/sites\/2\/2025\/11\/blanco.jpg 603w\" sizes=\"(max-width: 150px) 100vw, 150px\" \/><\/a><\/span><\/td>\n<td style=\"width: 50%;\"><span style=\"font-family: tahoma, arial, helvetica, sans-serif;\"><strong>Heptameron I<br \/>\n<\/strong><\/span><span style=\"font-family: tahoma, arial, helvetica, sans-serif; font-size: inherit;\"><strong>Technik:<\/strong> Collage auf Holzblock<br \/>\n<\/span><\/p>\n<p><span style=\"font-family: tahoma, arial, helvetica, sans-serif; font-size: inherit;\"><strong>Gr\u00f6\u00dfe:\u00a0<\/strong>66 x 112 cm<\/span><\/p>\n<p><span style=\"font-family: tahoma, arial, helvetica, sans-serif;\"><strong>Werkverzeichnis:\u00a0<\/strong>Hep\/1\/2000<\/span><\/p>\n<p>&nbsp;<\/td>\n<\/tr>\n<tr>\n<td style=\"width: 50%; text-align: center;\"><span style=\"font-family: tahoma, arial, helvetica, sans-serif;\"><a href=\"https:\/\/thomas-bedel.de\/walter-zimbrich\/wp-content\/uploads\/sites\/2\/2025\/04\/Siebentagewerk-II.jpg\"><img decoding=\"async\" loading=\"lazy\" class=\"size-thumbnail wp-image-624\" src=\"https:\/\/thomas-bedel.de\/walter-zimbrich\/wp-content\/uploads\/sites\/2\/2025\/04\/Siebentagewerk-II-150x150.jpg\" alt=\"\" width=\"150\" height=\"150\" \/><\/a><\/span><\/td>\n<td style=\"width: 50%;\"><span style=\"font-family: tahoma, arial, helvetica, sans-serif;\"><strong>Drei Siebentagewerke:<br \/>\n&#8222;Isodora &#8211; Schach &#8211; Gesetzestafeln &#8211; Wetterfahne&#8220;<br \/>\n<\/strong><\/span><span style=\"font-family: tahoma, arial, helvetica, sans-serif; font-size: inherit;\"><strong>Technik:<\/strong> Collage auf Holzblock<br \/>\n<\/span><\/p>\n<p><span style=\"font-family: tahoma, arial, helvetica, sans-serif; font-size: inherit;\"><strong>Gr\u00f6\u00dfe:\u00a0<\/strong>66 x 112 cm<\/span><\/p>\n<p><span style=\"font-family: tahoma, arial, helvetica, sans-serif;\"><strong>Werkverzeichnis:\u00a0<\/strong>Hep\/2\/2000<\/span><\/p>\n<p>&nbsp;<\/td>\n<\/tr>\n<tr>\n<td style=\"width: 50%; text-align: center;\"><span style=\"font-family: tahoma, arial, helvetica, sans-serif;\"><a href=\"https:\/\/thomas-bedel.de\/walter-zimbrich\/wp-content\/uploads\/sites\/2\/2025\/11\/blanco.jpg\"><img decoding=\"async\" loading=\"lazy\" class=\"aligncenter size-thumbnail wp-image-4488\" src=\"https:\/\/thomas-bedel.de\/walter-zimbrich\/wp-content\/uploads\/sites\/2\/2025\/11\/blanco-150x150.jpg\" alt=\"\" width=\"150\" height=\"150\" srcset=\"https:\/\/thomas-bedel.de\/walter-zimbrich\/wp-content\/uploads\/sites\/2\/2025\/11\/blanco-150x150.jpg 150w, https:\/\/thomas-bedel.de\/walter-zimbrich\/wp-content\/uploads\/sites\/2\/2025\/11\/blanco-298x300.jpg 298w, https:\/\/thomas-bedel.de\/walter-zimbrich\/wp-content\/uploads\/sites\/2\/2025\/11\/blanco.jpg 603w\" sizes=\"(max-width: 150px) 100vw, 150px\" \/><\/a><\/span><\/td>\n<td style=\"width: 50%;\"><span style=\"font-family: tahoma, arial, helvetica, sans-serif;\"><strong>Drei Siebentagewerke:<br \/>\n&#8222;Pinsel &amp; Sichel &#8211; Schlo\u00df &#8211; Riegel &#8211; Agnus Die&#8220;<br \/>\n<\/strong><\/span><span style=\"font-family: tahoma, arial, helvetica, sans-serif; font-size: inherit;\"><strong>Technik:<\/strong> Collage auf Holzblock<br \/>\n<\/span><\/p>\n<p><span style=\"font-family: tahoma, arial, helvetica, sans-serif; font-size: inherit;\"><strong>Gr\u00f6\u00dfe:\u00a0<\/strong>47,5 x 65 cm<\/span><\/p>\n<p><span style=\"font-family: tahoma, arial, helvetica, sans-serif;\"><strong>Werkverzeichnis:\u00a0<\/strong>Hep\/3\/2000<\/span><\/p>\n<p>&nbsp;<\/td>\n<\/tr>\n<tr>\n<td style=\"width: 50%; text-align: center;\"><span style=\"font-family: tahoma, arial, helvetica, sans-serif;\"><a href=\"https:\/\/thomas-bedel.de\/walter-zimbrich\/wp-content\/uploads\/sites\/2\/2025\/04\/Siebentagewerk-IV.jpg\"><img decoding=\"async\" loading=\"lazy\" class=\"size-thumbnail wp-image-625\" src=\"https:\/\/thomas-bedel.de\/walter-zimbrich\/wp-content\/uploads\/sites\/2\/2025\/04\/Siebentagewerk-IV-150x150.jpg\" alt=\"\" width=\"150\" height=\"150\" \/><\/a><\/span><\/td>\n<td style=\"width: 50%;\"><span style=\"font-family: tahoma, arial, helvetica, sans-serif;\"><strong>Drei Siebentagewerke:<br \/>\n&#8222;Cartesius &#8211; Nautik &#8211; Skelett &#8211; Lucifer&#8220;<br \/>\n<\/strong><\/span><span style=\"font-family: tahoma, arial, helvetica, sans-serif; font-size: inherit;\"><strong>Technik:<\/strong> Collage auf Holzblock<br \/>\n<\/span><\/p>\n<p><span style=\"font-family: tahoma, arial, helvetica, sans-serif; font-size: inherit;\"><strong>Gr\u00f6\u00dfe:\u00a0<\/strong>66 x 112 cm<\/span><\/p>\n<p><span style=\"font-family: tahoma, arial, helvetica, sans-serif;\"><strong>Werkverzeichnis:\u00a0<\/strong>Hep\/4\/2000\/01<\/span><\/p>\n<p>&nbsp;<\/td>\n<\/tr>\n<\/tbody>\n<\/table>\n","protected":false},"excerpt":{"rendered":"<p>Heptameron I Technik: Collage auf Holzblock Gr\u00f6\u00dfe:\u00a066 x 112 cm Werkverzeichnis:\u00a0Hep\/1\/2000 &nbsp; Drei Siebentagewerke: &#8222;Isodora &#8211; Schach &#8211; Gesetzestafeln &#8211; Wetterfahne&#8220; Technik: Collage auf Holzblock Gr\u00f6\u00dfe:\u00a066 x 112 cm Werkverzeichnis:\u00a0Hep\/2\/2000 &nbsp; Drei Siebentagewerke: &#8222;Pinsel &amp; Sichel &#8211; Schlo\u00df &#8211; Riegel &#8211; Agnus Die&#8220; Technik: Collage auf Holzblock Gr\u00f6\u00dfe:\u00a047,5 x 65 cm Werkverzeichnis:\u00a0Hep\/3\/2000 &nbsp; Drei Siebentagewerke:<\/p>\n","protected":false},"author":1,"featured_media":0,"parent":0,"menu_order":0,"comment_status":"closed","ping_status":"closed","template":"","meta":{"_coblocks_attr":"","_coblocks_dimensions":"","_coblocks_responsive_height":"","_coblocks_accordion_ie_support":"","_links_to":"","_links_to_target":""},"_links":{"self":[{"href":"https:\/\/thomas-bedel.de\/walter-zimbrich\/wp-json\/wp\/v2\/pages\/4892"}],"collection":[{"href":"https:\/\/thomas-bedel.de\/walter-zimbrich\/wp-json\/wp\/v2\/pages"}],"about":[{"href":"https:\/\/thomas-bedel.de\/walter-zimbrich\/wp-json\/wp\/v2\/types\/page"}],"author":[{"embeddable":true,"href":"https:\/\/thomas-bedel.de\/walter-zimbrich\/wp-json\/wp\/v2\/users\/1"}],"replies":[{"embeddable":true,"href":"https:\/\/thomas-bedel.de\/walter-zimbrich\/wp-json\/wp\/v2\/comments?post=4892"}],"version-history":[{"count":2,"href":"https:\/\/thomas-bedel.de\/walter-zimbrich\/wp-json\/wp\/v2\/pages\/4892\/revisions"}],"predecessor-version":[{"id":5003,"href":"https:\/\/thomas-bedel.de\/walter-zimbrich\/wp-json\/wp\/v2\/pages\/4892\/revisions\/5003"}],"wp:attachment":[{"href":"https:\/\/thomas-bedel.de\/walter-zimbrich\/wp-json\/wp\/v2\/media?parent=4892"}],"curies":[{"name":"wp","href":"https:\/\/api.w.org\/{rel}","templated":true}]}}