{"id":5269,"date":"2026-01-03T23:30:06","date_gmt":"2026-01-03T22:30:06","guid":{"rendered":"https:\/\/thomas-bedel.de\/walter-zimbrich\/?page_id=5269"},"modified":"2026-03-03T16:08:42","modified_gmt":"2026-03-03T15:08:42","slug":"landbruecke","status":"publish","type":"page","link":"https:\/\/thomas-bedel.de\/walter-zimbrich\/landbruecke\/","title":{"rendered":"1987 &#8211; Landbr\u00fccke"},"content":{"rendered":"<table style=\"border-collapse: collapse; width: 100%;\">\n<tbody>\n<tr>\n<td style=\"width: 50%; text-align: center;\"><span style=\"font-family: tahoma, arial, helvetica, sans-serif;\"><a href=\"https:\/\/thomas-bedel.de\/walter-zimbrich\/wp-content\/uploads\/sites\/2\/2026\/01\/Landbru\u0308cke-I.jpg\"><img decoding=\"async\" loading=\"lazy\" class=\"size-thumbnail wp-image-5270\" src=\"https:\/\/thomas-bedel.de\/walter-zimbrich\/wp-content\/uploads\/sites\/2\/2026\/01\/Landbru\u0308cke-I-150x150.jpg\" alt=\"\" width=\"150\" height=\"150\" \/><\/a><\/span><\/td>\n<td style=\"width: 50.%;\"><span style=\"font-family: tahoma, arial, helvetica, sans-serif;\"><b>Landbr\u00fccke I<br \/>\n<\/b><\/span><\/p>\n<p class=\"p1\"><span style=\"font-family: tahoma, arial, helvetica, sans-serif;\"><span style=\"font-size: inherit;\"><strong>Technik:<\/strong> <\/span>Xylomontage<br \/>\n<\/span><\/p>\n<p class=\"p1\"><span style=\"font-family: tahoma, arial, helvetica, sans-serif;\"><span style=\"font-size: inherit;\"><strong>Gr\u00f6\u00dfe: <\/strong>43<\/span> x 61 cm<\/span><\/p>\n<p><span style=\"font-family: tahoma, arial, helvetica, sans-serif;\"><strong>Werkverzeichnis:\u00a0<\/strong>lbr\/1\/87<\/span><\/p>\n<p>&nbsp;<\/td>\n<\/tr>\n<tr>\n<td style=\"width: 50%; text-align: center;\"><span style=\"font-family: tahoma, arial, helvetica, sans-serif;\"><a href=\"https:\/\/thomas-bedel.de\/walter-zimbrich\/wp-content\/uploads\/sites\/2\/2026\/01\/Landbru\u0308cke-II.jpg\"><img decoding=\"async\" loading=\"lazy\" class=\"size-thumbnail wp-image-5271\" src=\"https:\/\/thomas-bedel.de\/walter-zimbrich\/wp-content\/uploads\/sites\/2\/2026\/01\/Landbru\u0308cke-II-150x150.jpg\" alt=\"\" width=\"150\" height=\"150\" \/><\/a><\/span><\/td>\n<td style=\"width: 50.%;\"><span style=\"font-family: tahoma, arial, helvetica, sans-serif;\"><b>Landbr\u00fccke II<\/b><\/span><\/p>\n<p class=\"p1\"><span style=\"font-family: tahoma, arial, helvetica, sans-serif;\"><span style=\"font-size: inherit;\"><strong>Technik:<\/strong> <\/span>Xylomontage<br \/>\n<\/span><\/p>\n<p class=\"p1\"><span style=\"font-family: tahoma, arial, helvetica, sans-serif;\"><span style=\"font-size: inherit;\"><strong>Gr\u00f6\u00dfe: <\/strong>43<\/span> x 61 cm<\/span><\/p>\n<p><span style=\"font-family: tahoma, arial, helvetica, sans-serif;\"><strong>Werkverzeichnis:\u00a0<\/strong>lbr\/2\/87<\/span><\/p>\n<p>&nbsp;<\/td>\n<\/tr>\n<tr>\n<td style=\"width: 50%; text-align: center;\"><span style=\"font-family: tahoma, arial, helvetica, sans-serif;\"><a href=\"https:\/\/thomas-bedel.de\/walter-zimbrich\/wp-content\/uploads\/sites\/2\/2026\/01\/Landbru\u0308cke-III.jpg\"><img decoding=\"async\" loading=\"lazy\" class=\"size-thumbnail wp-image-5272\" src=\"https:\/\/thomas-bedel.de\/walter-zimbrich\/wp-content\/uploads\/sites\/2\/2026\/01\/Landbru\u0308cke-III-150x150.jpg\" alt=\"\" width=\"150\" height=\"150\" \/><\/a><\/span><\/td>\n<td style=\"width: 50.%;\"><span style=\"font-family: tahoma, arial, helvetica, sans-serif;\"><b>Landbr\u00fccke III<\/b><\/span><\/p>\n<p class=\"p1\"><span style=\"font-family: tahoma, arial, helvetica, sans-serif;\"><span style=\"font-size: inherit;\"><strong>Technik:<\/strong> <\/span>Xylomontage<br \/>\n<\/span><\/p>\n<p class=\"p1\"><span style=\"font-family: tahoma, arial, helvetica, sans-serif;\"><span style=\"font-size: inherit;\"><strong>Gr\u00f6\u00dfe: <\/strong>43<\/span> x 61 cm<\/span><\/p>\n<p><span style=\"font-family: tahoma, arial, helvetica, sans-serif;\"><strong>Werkverzeichnis:\u00a0<\/strong>lbr\/3\/87<\/span><\/p>\n<p>&nbsp;<\/td>\n<\/tr>\n<tr>\n<td style=\"width: 50%; text-align: center;\"><span style=\"font-family: tahoma, arial, helvetica, sans-serif;\"><a href=\"https:\/\/thomas-bedel.de\/walter-zimbrich\/wp-content\/uploads\/sites\/2\/2026\/01\/Landbru\u0308cke-IV.jpg\"><img decoding=\"async\" loading=\"lazy\" class=\"size-thumbnail wp-image-5273\" src=\"https:\/\/thomas-bedel.de\/walter-zimbrich\/wp-content\/uploads\/sites\/2\/2026\/01\/Landbru\u0308cke-IV-150x150.jpg\" alt=\"\" width=\"150\" height=\"150\" \/><\/a><\/span><\/td>\n<td style=\"width: 50.%;\"><span style=\"font-family: tahoma, arial, helvetica, sans-serif;\"><b>Landbr\u00fccke IV<\/b><\/span><\/p>\n<p class=\"p1\"><span style=\"font-family: tahoma, arial, helvetica, sans-serif;\"><span style=\"font-size: inherit;\"><strong>Technik:<\/strong> <\/span>Xylomontage<br \/>\n<\/span><\/p>\n<p class=\"p1\"><span style=\"font-family: tahoma, arial, helvetica, sans-serif;\"><span style=\"font-size: inherit;\"><strong>Gr\u00f6\u00dfe: <\/strong>43<\/span> x 61 cm<\/span><\/p>\n<p><span style=\"font-family: tahoma, arial, helvetica, sans-serif;\"><strong>Werkverzeichnis:\u00a0<\/strong>lbr\/4\/87<\/span><\/p>\n<p>&nbsp;<\/td>\n<\/tr>\n<tr>\n<td style=\"width: 50%; text-align: center;\"><span style=\"font-family: tahoma, arial, helvetica, sans-serif;\"><a href=\"https:\/\/thomas-bedel.de\/walter-zimbrich\/wp-content\/uploads\/sites\/2\/2026\/01\/Landbru\u0308cke-V.jpg\"><img decoding=\"async\" loading=\"lazy\" class=\"size-thumbnail wp-image-5274\" src=\"https:\/\/thomas-bedel.de\/walter-zimbrich\/wp-content\/uploads\/sites\/2\/2026\/01\/Landbru\u0308cke-V-150x150.jpg\" alt=\"\" width=\"150\" height=\"150\" \/><\/a><\/span><\/td>\n<td style=\"width: 50.%;\"><span style=\"font-family: tahoma, arial, helvetica, sans-serif;\"><b>Landbr\u00fccke V<br \/>\n<\/b><\/span><\/p>\n<p class=\"p1\"><span style=\"font-family: tahoma, arial, helvetica, sans-serif;\"><span style=\"font-size: inherit;\"><strong>Technik:<\/strong> <\/span>Xylomontage<br \/>\n<\/span><\/p>\n<p class=\"p1\"><span style=\"font-family: tahoma, arial, helvetica, sans-serif;\"><span style=\"font-size: inherit;\"><strong>Gr\u00f6\u00dfe: <\/strong>43<\/span> x 61 cm<\/span><\/p>\n<p><span style=\"font-family: tahoma, arial, helvetica, sans-serif;\"><strong>Werkverzeichnis:\u00a0<\/strong>lbr\/5\/87<\/span><\/p>\n<p>&nbsp;<\/td>\n<\/tr>\n<tr>\n<td style=\"width: 50%; text-align: center;\"><span style=\"font-family: tahoma, arial, helvetica, sans-serif;\"><a href=\"https:\/\/thomas-bedel.de\/walter-zimbrich\/wp-content\/uploads\/sites\/2\/2026\/01\/Landbru\u0308cke-VI.jpg\"><img decoding=\"async\" loading=\"lazy\" class=\"size-thumbnail wp-image-5275\" src=\"https:\/\/thomas-bedel.de\/walter-zimbrich\/wp-content\/uploads\/sites\/2\/2026\/01\/Landbru\u0308cke-VI-150x150.jpg\" alt=\"\" width=\"150\" height=\"150\" \/><\/a><\/span><\/td>\n<td style=\"width: 50.%;\"><span style=\"font-family: tahoma, arial, helvetica, sans-serif;\"><b>Landbr\u00fccke VI<\/b><\/span><\/p>\n<p class=\"p1\"><span style=\"font-family: tahoma, arial, helvetica, sans-serif;\"><span style=\"font-size: inherit;\"><strong>Technik:<\/strong> <\/span>Xylomontage<br \/>\n<\/span><\/p>\n<p class=\"p1\"><span style=\"font-family: tahoma, arial, helvetica, sans-serif;\"><span style=\"font-size: inherit;\"><strong>Gr\u00f6\u00dfe: <\/strong>43<\/span> x 61 cm<\/span><\/p>\n<p><span style=\"font-family: tahoma, arial, helvetica, sans-serif;\"><strong>Werkverzeichnis:\u00a0<\/strong>lbr\/6\/87<\/span><\/p>\n<p>&nbsp;<\/td>\n<\/tr>\n<tr>\n<td style=\"width: 50%; text-align: center;\"><span style=\"font-family: tahoma, arial, helvetica, sans-serif;\"><a href=\"https:\/\/thomas-bedel.de\/walter-zimbrich\/wp-content\/uploads\/sites\/2\/2026\/01\/Landbru\u0308cke-VII.jpg\"><img decoding=\"async\" loading=\"lazy\" class=\"size-thumbnail wp-image-5276\" src=\"https:\/\/thomas-bedel.de\/walter-zimbrich\/wp-content\/uploads\/sites\/2\/2026\/01\/Landbru\u0308cke-VII-150x150.jpg\" alt=\"\" width=\"150\" height=\"150\" \/><\/a><\/span><\/td>\n<td style=\"width: 50.%;\"><span style=\"font-family: tahoma, arial, helvetica, sans-serif;\"><b>Landbr\u00fccke VII<\/b><\/span><\/p>\n<p class=\"p1\"><span style=\"font-family: tahoma, arial, helvetica, sans-serif;\"><span style=\"font-size: inherit;\"><strong>Technik:<\/strong> <\/span>Xylomontage<br \/>\n<\/span><\/p>\n<p class=\"p1\"><span style=\"font-family: tahoma, arial, helvetica, sans-serif;\"><span style=\"font-size: inherit;\"><strong>Gr\u00f6\u00dfe: <\/strong>43<\/span> x 61 cm<\/span><\/p>\n<p><span style=\"font-family: tahoma, arial, helvetica, sans-serif;\"><strong>Werkverzeichnis:\u00a0<\/strong>lbr\/7\/87<\/span><\/p>\n<p>&nbsp;<\/td>\n<\/tr>\n<tr>\n<td style=\"width: 50%; text-align: center;\"><span style=\"font-family: tahoma, arial, helvetica, sans-serif;\"><a href=\"https:\/\/thomas-bedel.de\/walter-zimbrich\/wp-content\/uploads\/sites\/2\/2026\/01\/Landbru\u0308cke-VIII.jpg\"><img decoding=\"async\" loading=\"lazy\" class=\"size-thumbnail wp-image-5277\" src=\"https:\/\/thomas-bedel.de\/walter-zimbrich\/wp-content\/uploads\/sites\/2\/2026\/01\/Landbru\u0308cke-VIII-150x150.jpg\" alt=\"\" width=\"150\" height=\"150\" \/><\/a><\/span><\/td>\n<td style=\"width: 50.%;\"><span style=\"font-family: tahoma, arial, helvetica, sans-serif;\"><b>Landbr\u00fccke VIII<\/b><\/span><\/p>\n<p class=\"p1\"><span style=\"font-family: tahoma, arial, helvetica, sans-serif;\"><span style=\"font-size: inherit;\"><strong>Technik:<\/strong> <\/span>Xylomontage<br \/>\n<\/span><\/p>\n<p class=\"p1\"><span style=\"font-family: tahoma, arial, helvetica, sans-serif;\"><span style=\"font-size: inherit;\"><strong>Gr\u00f6\u00dfe: <\/strong>43<\/span> x 61 cm<\/span><\/p>\n<p><span style=\"font-family: tahoma, arial, helvetica, sans-serif;\"><strong>Werkverzeichnis:\u00a0<\/strong>lbr\/8\/87<\/span><\/p>\n<p>&nbsp;<\/td>\n<\/tr>\n<tr>\n<td style=\"width: 50%; text-align: center;\"><span style=\"font-family: tahoma, arial, helvetica, sans-serif;\"><a href=\"https:\/\/thomas-bedel.de\/walter-zimbrich\/wp-content\/uploads\/sites\/2\/2026\/01\/Landbru\u0308cke-IX.jpg\"><img decoding=\"async\" loading=\"lazy\" class=\"size-thumbnail wp-image-5278\" src=\"https:\/\/thomas-bedel.de\/walter-zimbrich\/wp-content\/uploads\/sites\/2\/2026\/01\/Landbru\u0308cke-IX-150x150.jpg\" alt=\"\" width=\"150\" height=\"150\" \/><\/a><\/span><\/td>\n<td style=\"width: 50.%;\"><span style=\"font-family: tahoma, arial, helvetica, sans-serif;\"><b>Landbr\u00fccke IX<\/b><\/span><\/p>\n<p class=\"p1\"><span style=\"font-family: tahoma, arial, helvetica, sans-serif;\"><span style=\"font-size: inherit;\"><strong>Technik:<\/strong> <\/span>Xylomontage<br \/>\n<\/span><\/p>\n<p class=\"p1\"><span style=\"font-family: tahoma, arial, helvetica, sans-serif;\"><span style=\"font-size: inherit;\"><strong>Gr\u00f6\u00dfe: <\/strong>43<\/span> x 61 cm<\/span><\/p>\n<p><span style=\"font-family: tahoma, arial, helvetica, sans-serif;\"><strong>Werkverzeichnis:\u00a0<\/strong>lbr\/9\/87<\/span><\/p>\n<p>&nbsp;<\/td>\n<\/tr>\n<tr>\n<td style=\"width: 50%; text-align: center;\"><span style=\"font-family: tahoma, arial, helvetica, sans-serif;\"><a href=\"https:\/\/thomas-bedel.de\/walter-zimbrich\/wp-content\/uploads\/sites\/2\/2026\/01\/Landbru\u0308cke-X.jpg\"><img decoding=\"async\" loading=\"lazy\" class=\"size-thumbnail wp-image-5279\" src=\"https:\/\/thomas-bedel.de\/walter-zimbrich\/wp-content\/uploads\/sites\/2\/2026\/01\/Landbru\u0308cke-X-150x150.jpg\" alt=\"\" width=\"150\" height=\"150\" \/><\/a><\/span><\/td>\n<td style=\"width: 50.%;\"><span style=\"font-family: tahoma, arial, helvetica, sans-serif;\"><b>Landbr\u00fccke X<br \/>\n<\/b><\/span><\/p>\n<p class=\"p1\"><span style=\"font-family: tahoma, arial, helvetica, sans-serif;\"><span style=\"font-size: inherit;\"><strong>Technik:<\/strong> <\/span>Xylomontage<br \/>\n<\/span><\/p>\n<p class=\"p1\"><span style=\"font-family: tahoma, arial, helvetica, sans-serif;\"><span style=\"font-size: inherit;\"><strong>Gr\u00f6\u00dfe: <\/strong>43<\/span> x 61 cm<\/span><\/p>\n<p><span style=\"font-family: tahoma, arial, helvetica, sans-serif;\"><strong>Werkverzeichnis:\u00a0<\/strong>lbr\/10\/87<\/span><\/p>\n<p>&nbsp;<\/td>\n<\/tr>\n<tr>\n<td style=\"width: 50%; text-align: center;\"><span style=\"font-family: tahoma, arial, helvetica, sans-serif;\"><a href=\"https:\/\/thomas-bedel.de\/walter-zimbrich\/wp-content\/uploads\/sites\/2\/2026\/01\/Landbru\u0308cke-XI.jpg\"><img decoding=\"async\" loading=\"lazy\" class=\"size-thumbnail wp-image-5280\" src=\"https:\/\/thomas-bedel.de\/walter-zimbrich\/wp-content\/uploads\/sites\/2\/2026\/01\/Landbru\u0308cke-XI-150x150.jpg\" alt=\"\" width=\"150\" height=\"150\" \/><\/a><\/span><\/td>\n<td style=\"width: 50.%;\"><span style=\"font-family: tahoma, arial, helvetica, sans-serif;\"><b>Landbr\u00fccke XI<br \/>\n<\/b><\/span><\/p>\n<p class=\"p1\"><span style=\"font-family: tahoma, arial, helvetica, sans-serif;\"><span style=\"font-size: inherit;\"><strong>Technik:<\/strong> <\/span>Xylomontage<br \/>\n<\/span><\/p>\n<p class=\"p1\"><span style=\"font-family: tahoma, arial, helvetica, sans-serif;\"><span style=\"font-size: inherit;\"><strong>Gr\u00f6\u00dfe: <\/strong>43<\/span> x 61 cm<\/span><\/p>\n<p><span style=\"font-family: tahoma, arial, helvetica, sans-serif;\"><strong>Werkverzeichnis:\u00a0<\/strong>lbr\/11\/87<\/span><\/p>\n<p>&nbsp;<\/td>\n<\/tr>\n<tr>\n<td style=\"width: 50%; text-align: center;\"><span style=\"font-family: tahoma, arial, helvetica, sans-serif;\"><a href=\"https:\/\/thomas-bedel.de\/walter-zimbrich\/wp-content\/uploads\/sites\/2\/2026\/01\/Landbru\u0308cke-XII.jpg\"><img decoding=\"async\" loading=\"lazy\" class=\"size-thumbnail wp-image-5281\" src=\"https:\/\/thomas-bedel.de\/walter-zimbrich\/wp-content\/uploads\/sites\/2\/2026\/01\/Landbru\u0308cke-XII-150x150.jpg\" alt=\"\" width=\"150\" height=\"150\" \/><\/a><\/span><\/td>\n<td style=\"width: 50.%;\"><span style=\"font-family: tahoma, arial, helvetica, sans-serif;\"><b>Landbr\u00fccke XII<\/b><\/span><\/p>\n<p class=\"p1\"><span style=\"font-family: tahoma, arial, helvetica, sans-serif;\"><span style=\"font-size: inherit;\"><strong>Technik:<\/strong> <\/span>Xylomontage<br \/>\n<\/span><\/p>\n<p class=\"p1\"><span style=\"font-family: tahoma, arial, helvetica, sans-serif;\"><span style=\"font-size: inherit;\"><strong>Gr\u00f6\u00dfe: <\/strong>43<\/span> x 61 cm<\/span><\/p>\n<p><span style=\"font-family: tahoma, arial, helvetica, sans-serif;\"><strong>Werkverzeichnis:\u00a0<\/strong>lbr\/12\/87<\/span><\/p>\n<p>&nbsp;<\/td>\n<\/tr>\n<tr>\n<td style=\"width: 50%; text-align: center;\"><span style=\"font-family: tahoma, arial, helvetica, sans-serif;\"><a href=\"https:\/\/thomas-bedel.de\/walter-zimbrich\/wp-content\/uploads\/sites\/2\/2026\/01\/Landbru\u0308cke-XIII.jpg\"><img decoding=\"async\" loading=\"lazy\" class=\"size-thumbnail wp-image-5282\" src=\"https:\/\/thomas-bedel.de\/walter-zimbrich\/wp-content\/uploads\/sites\/2\/2026\/01\/Landbru\u0308cke-XIII-150x150.jpg\" alt=\"\" width=\"150\" height=\"150\" \/><\/a><\/span><\/td>\n<td style=\"width: 50.%;\"><span style=\"font-family: tahoma, arial, helvetica, sans-serif;\"><b>Landbr\u00fccke XIII<\/b><\/span><\/p>\n<p class=\"p1\"><span style=\"font-family: tahoma, arial, helvetica, sans-serif;\"><span style=\"font-size: inherit;\"><strong>Technik:<\/strong> <\/span>Xylomontage<br \/>\n<\/span><\/p>\n<p class=\"p1\"><span style=\"font-family: tahoma, arial, helvetica, sans-serif;\"><span style=\"font-size: inherit;\"><strong>Gr\u00f6\u00dfe: <\/strong>43<\/span> x 61 cm<\/span><\/p>\n<p><span style=\"font-family: tahoma, arial, helvetica, sans-serif;\"><strong>Werkverzeichnis:\u00a0<\/strong>lbr\/13\/87<\/span><\/p>\n<p>&nbsp;<\/td>\n<\/tr>\n<tr>\n<td style=\"width: 50%; text-align: center;\"><span style=\"font-family: tahoma, arial, helvetica, sans-serif;\"><a href=\"https:\/\/thomas-bedel.de\/walter-zimbrich\/wp-content\/uploads\/sites\/2\/2026\/01\/Landbru\u0308cke-XIV.jpg\"><img decoding=\"async\" loading=\"lazy\" class=\"size-thumbnail wp-image-5283\" src=\"https:\/\/thomas-bedel.de\/walter-zimbrich\/wp-content\/uploads\/sites\/2\/2026\/01\/Landbru\u0308cke-XIV-150x150.jpg\" alt=\"\" width=\"150\" height=\"150\" \/><\/a><\/span><\/td>\n<td style=\"width: 50.%;\"><span style=\"font-family: tahoma, arial, helvetica, sans-serif;\"><b>Landbr\u00fccke XIV<\/b><\/span><\/p>\n<p class=\"p1\"><span style=\"font-family: tahoma, arial, helvetica, sans-serif;\"><span style=\"font-size: inherit;\"><strong>Technik:<\/strong> <\/span>Xylomontage<br \/>\n<\/span><\/p>\n<p class=\"p1\"><span style=\"font-family: tahoma, arial, helvetica, sans-serif;\"><span style=\"font-size: inherit;\"><strong>Gr\u00f6\u00dfe: <\/strong>43<\/span> x 61 cm<\/span><\/p>\n<p><span style=\"font-family: tahoma, arial, helvetica, sans-serif;\"><strong>Werkverzeichnis:\u00a0<\/strong>lbr\/14\/87<\/span><\/p>\n<p>&nbsp;<\/td>\n<\/tr>\n<tr>\n<td style=\"width: 50%; text-align: center;\"><span style=\"font-family: tahoma, arial, helvetica, sans-serif;\"><a href=\"https:\/\/thomas-bedel.de\/walter-zimbrich\/wp-content\/uploads\/sites\/2\/2026\/01\/Landbru\u0308cke-XV.jpg\"><img decoding=\"async\" loading=\"lazy\" class=\"size-thumbnail wp-image-5284\" src=\"https:\/\/thomas-bedel.de\/walter-zimbrich\/wp-content\/uploads\/sites\/2\/2026\/01\/Landbru\u0308cke-XV-150x150.jpg\" alt=\"\" width=\"150\" height=\"150\" \/><\/a><\/span><\/td>\n<td style=\"width: 50.%;\"><span style=\"font-family: tahoma, arial, helvetica, sans-serif;\"><b>Landbr\u00fccke XV<br \/>\n<\/b><\/span><\/p>\n<p class=\"p1\"><span style=\"font-family: tahoma, arial, helvetica, sans-serif;\"><span style=\"font-size: inherit;\"><strong>Technik:<\/strong> <\/span>Xylomontage<br \/>\n<\/span><\/p>\n<p class=\"p1\"><span style=\"font-family: tahoma, arial, helvetica, sans-serif;\"><span style=\"font-size: inherit;\"><strong>Gr\u00f6\u00dfe: <\/strong>43<\/span> x 61 cm<\/span><\/p>\n<p><span style=\"font-family: tahoma, arial, helvetica, sans-serif;\"><strong>Werkverzeichnis:\u00a0<\/strong>lbr\/15\/87<\/span><\/p>\n<p>&nbsp;<\/td>\n<\/tr>\n<tr>\n<td style=\"width: 50%; text-align: center;\"><span style=\"font-family: tahoma, arial, helvetica, sans-serif;\"><a href=\"https:\/\/thomas-bedel.de\/walter-zimbrich\/wp-content\/uploads\/sites\/2\/2026\/01\/Landbru\u0308cke-XVI.jpg\"><img decoding=\"async\" loading=\"lazy\" class=\"size-thumbnail wp-image-5285\" src=\"https:\/\/thomas-bedel.de\/walter-zimbrich\/wp-content\/uploads\/sites\/2\/2026\/01\/Landbru\u0308cke-XVI-150x150.jpg\" alt=\"\" width=\"150\" height=\"150\" \/><\/a><\/span><\/td>\n<td style=\"width: 50.%;\"><span style=\"font-family: tahoma, arial, helvetica, sans-serif;\"><b>Landbr\u00fccke XVI<br \/>\n<\/b><\/span><\/p>\n<p class=\"p1\"><span style=\"font-family: tahoma, arial, helvetica, sans-serif;\"><span style=\"font-size: inherit;\"><strong>Technik:<\/strong> <\/span>Collage, \u00d6l, Leinwand<br \/>\n<\/span><\/p>\n<p class=\"p1\"><span style=\"font-family: tahoma, arial, helvetica, sans-serif;\"><span style=\"font-size: inherit;\"><strong>Gr\u00f6\u00dfe: <\/strong>100<\/span> x 150 cm<\/span><\/p>\n<p><span style=\"font-family: tahoma, arial, helvetica, sans-serif;\"><strong>Werkverzeichnis:\u00a0<\/strong>lbr\/16\/87<\/span><\/p>\n<p>&nbsp;<\/td>\n<\/tr>\n<tr>\n<td style=\"width: 50%; text-align: center;\"><span style=\"font-family: tahoma, arial, helvetica, sans-serif;\"><a href=\"https:\/\/thomas-bedel.de\/walter-zimbrich\/wp-content\/uploads\/sites\/2\/2026\/01\/Landbru\u0308cke-XVII.jpg\"><img decoding=\"async\" loading=\"lazy\" class=\"size-thumbnail wp-image-5286\" src=\"https:\/\/thomas-bedel.de\/walter-zimbrich\/wp-content\/uploads\/sites\/2\/2026\/01\/Landbru\u0308cke-XVII-150x150.jpg\" alt=\"\" width=\"150\" height=\"150\" \/><\/a><\/span><\/td>\n<td style=\"width: 50.%;\"><span style=\"font-family: tahoma, arial, helvetica, sans-serif;\"><b>Landbr\u00fccke XVII<\/b><\/span><\/p>\n<p class=\"p1\"><span style=\"font-family: tahoma, arial, helvetica, sans-serif;\"><span style=\"font-size: inherit;\"><strong>Technik:<\/strong> <\/span>Xylomontage<br \/>\n<\/span><\/p>\n<p class=\"p1\"><span style=\"font-family: tahoma, arial, helvetica, sans-serif;\"><span style=\"font-size: inherit;\"><strong>Gr\u00f6\u00dfe: <\/strong>43<\/span> x 61 cm<\/span><\/p>\n<p><span style=\"font-family: tahoma, arial, helvetica, sans-serif;\"><strong>Werkverzeichnis:\u00a0<\/strong>lbr\/17\/87<\/span><\/p>\n<p>&nbsp;<\/td>\n<\/tr>\n<tr>\n<td style=\"width: 50%; text-align: center;\"><span style=\"font-family: tahoma, arial, helvetica, sans-serif;\"><a href=\"https:\/\/thomas-bedel.de\/walter-zimbrich\/wp-content\/uploads\/sites\/2\/2026\/01\/Landbru\u0308cke-XVIII.jpg\"><img decoding=\"async\" loading=\"lazy\" class=\"size-thumbnail wp-image-5287\" src=\"https:\/\/thomas-bedel.de\/walter-zimbrich\/wp-content\/uploads\/sites\/2\/2026\/01\/Landbru\u0308cke-XVIII-150x150.jpg\" alt=\"\" width=\"150\" height=\"150\" \/><\/a><\/span><\/td>\n<td style=\"width: 50.%;\"><span style=\"font-family: tahoma, arial, helvetica, sans-serif;\"><b>Landbr\u00fccke XVIII<br \/>\n<\/b><\/span><\/p>\n<p class=\"p1\"><span style=\"font-family: tahoma, arial, helvetica, sans-serif;\"><span style=\"font-size: inherit;\"><strong>Technik:<\/strong> <\/span>Xylomontage<br \/>\n<\/span><\/p>\n<p class=\"p1\"><span style=\"font-family: tahoma, arial, helvetica, sans-serif;\"><span style=\"font-size: inherit;\"><strong>Gr\u00f6\u00dfe: <\/strong>43<\/span> x 61 cm<\/span><\/p>\n<p><span style=\"font-family: tahoma, arial, helvetica, sans-serif;\"><strong>Werkverzeichnis:\u00a0<\/strong>lbr\/18\/87<\/span><\/p>\n<p>&nbsp;<\/td>\n<\/tr>\n<tr>\n<td style=\"width: 50%; text-align: center;\"><span style=\"font-family: tahoma, arial, helvetica, sans-serif;\"><a href=\"https:\/\/thomas-bedel.de\/walter-zimbrich\/wp-content\/uploads\/sites\/2\/2026\/01\/Landbru\u0308cke-XIX.jpg\"><img decoding=\"async\" loading=\"lazy\" class=\"size-thumbnail wp-image-5288\" src=\"https:\/\/thomas-bedel.de\/walter-zimbrich\/wp-content\/uploads\/sites\/2\/2026\/01\/Landbru\u0308cke-XIX-150x150.jpg\" alt=\"\" width=\"150\" height=\"150\" \/><\/a><\/span><\/td>\n<td style=\"width: 50.%;\"><span style=\"font-family: tahoma, arial, helvetica, sans-serif;\"><b>Landbr\u00fccke XIX<br \/>\n<\/b><\/span><\/p>\n<p class=\"p1\"><span style=\"font-family: tahoma, arial, helvetica, sans-serif;\"><span style=\"font-size: inherit;\"><strong>Technik:<\/strong> <\/span>Xylomontage<br \/>\n<\/span><\/p>\n<p class=\"p1\"><span style=\"font-family: tahoma, arial, helvetica, sans-serif;\"><span style=\"font-size: inherit;\"><strong>Gr\u00f6\u00dfe: <\/strong>43<\/span> x 61 cm<\/span><\/p>\n<p><span style=\"font-family: tahoma, arial, helvetica, sans-serif;\"><strong>Werkverzeichnis:\u00a0<\/strong>lbr\/19\/87<\/span><\/p>\n<p>&nbsp;<\/td>\n<\/tr>\n<\/tbody>\n<\/table>\n","protected":false},"excerpt":{"rendered":"<p>Landbr\u00fccke I Technik: Xylomontage Gr\u00f6\u00dfe: 43 x 61 cm Werkverzeichnis:\u00a0lbr\/1\/87 &nbsp; Landbr\u00fccke II Technik: Xylomontage Gr\u00f6\u00dfe: 43 x 61 cm Werkverzeichnis:\u00a0lbr\/2\/87 &nbsp; Landbr\u00fccke III Technik: Xylomontage Gr\u00f6\u00dfe: 43 x 61 cm Werkverzeichnis:\u00a0lbr\/3\/87 &nbsp; Landbr\u00fccke IV Technik: Xylomontage Gr\u00f6\u00dfe: 43 x 61 cm Werkverzeichnis:\u00a0lbr\/4\/87 &nbsp; Landbr\u00fccke V Technik: Xylomontage Gr\u00f6\u00dfe: 43 x 61 cm Werkverzeichnis:\u00a0lbr\/5\/87 &nbsp;<\/p>\n","protected":false},"author":1,"featured_media":0,"parent":0,"menu_order":0,"comment_status":"closed","ping_status":"closed","template":"","meta":{"_coblocks_attr":"","_coblocks_dimensions":"","_coblocks_responsive_height":"","_coblocks_accordion_ie_support":"","_links_to":"","_links_to_target":""},"_links":{"self":[{"href":"https:\/\/thomas-bedel.de\/walter-zimbrich\/wp-json\/wp\/v2\/pages\/5269"}],"collection":[{"href":"https:\/\/thomas-bedel.de\/walter-zimbrich\/wp-json\/wp\/v2\/pages"}],"about":[{"href":"https:\/\/thomas-bedel.de\/walter-zimbrich\/wp-json\/wp\/v2\/types\/page"}],"author":[{"embeddable":true,"href":"https:\/\/thomas-bedel.de\/walter-zimbrich\/wp-json\/wp\/v2\/users\/1"}],"replies":[{"embeddable":true,"href":"https:\/\/thomas-bedel.de\/walter-zimbrich\/wp-json\/wp\/v2\/comments?post=5269"}],"version-history":[{"count":6,"href":"https:\/\/thomas-bedel.de\/walter-zimbrich\/wp-json\/wp\/v2\/pages\/5269\/revisions"}],"predecessor-version":[{"id":5768,"href":"https:\/\/thomas-bedel.de\/walter-zimbrich\/wp-json\/wp\/v2\/pages\/5269\/revisions\/5768"}],"wp:attachment":[{"href":"https:\/\/thomas-bedel.de\/walter-zimbrich\/wp-json\/wp\/v2\/media?parent=5269"}],"curies":[{"name":"wp","href":"https:\/\/api.w.org\/{rel}","templated":true}]}}