{"id":5359,"date":"2026-02-15T19:19:55","date_gmt":"2026-02-15T18:19:55","guid":{"rendered":"https:\/\/thomas-bedel.de\/walter-zimbrich\/?page_id=5359"},"modified":"2026-03-03T16:10:43","modified_gmt":"2026-03-03T15:10:43","slug":"laoul","status":"publish","type":"page","link":"https:\/\/thomas-bedel.de\/walter-zimbrich\/laoul\/","title":{"rendered":"1989 &#8211; Laoul"},"content":{"rendered":"<table style=\"border-collapse: collapse; width: 100%;\">\n<tbody>\n<tr>\n<td style=\"width: 50%; text-align: center;\"><a href=\"https:\/\/thomas-bedel.de\/walter-zimbrich\/wp-content\/uploads\/sites\/2\/2026\/02\/Laoul_1.jpg\"><img decoding=\"async\" loading=\"lazy\" class=\"aligncenter size-thumbnail wp-image-5360\" src=\"https:\/\/thomas-bedel.de\/walter-zimbrich\/wp-content\/uploads\/sites\/2\/2026\/02\/Laoul_1-150x150.jpg\" alt=\"\" width=\"150\" height=\"150\" \/><\/a><\/td>\n<td style=\"width: 50%;\"><span style=\"font-family: tahoma, arial, helvetica, sans-serif;\"><strong>Laoul I<\/strong><\/span><\/p>\n<p><span style=\"font-family: tahoma, arial, helvetica, sans-serif;\"><strong>Technik:<\/strong> \u00d6lkreide<\/span><\/p>\n<p><span style=\"font-family: tahoma, arial, helvetica, sans-serif;\"><strong>Gr\u00f6\u00dfe: <\/strong>21 x 30 cm<\/span><\/p>\n<p><span style=\"font-family: tahoma, arial, helvetica, sans-serif;\"><strong>Werkverzeichnis:\u00a0<\/strong>LAO\/1\/89<\/span><\/p>\n<p>&nbsp;<\/td>\n<\/tr>\n<tr>\n<td style=\"width: 50.0828%;\"><span style=\"font-family: tahoma, arial, helvetica, sans-serif;\"><img decoding=\"async\" loading=\"lazy\" class=\"aligncenter size-thumbnail wp-image-2797\" src=\"https:\/\/thomas-bedel.de\/walter-zimbrich\/wp-content\/uploads\/sites\/2\/2025\/04\/blanco-150x150.jpg\" alt=\"\" width=\"150\" height=\"150\" srcset=\"https:\/\/thomas-bedel.de\/walter-zimbrich\/wp-content\/uploads\/sites\/2\/2025\/04\/blanco-150x150.jpg 150w, https:\/\/thomas-bedel.de\/walter-zimbrich\/wp-content\/uploads\/sites\/2\/2025\/04\/blanco-298x300.jpg 298w, https:\/\/thomas-bedel.de\/walter-zimbrich\/wp-content\/uploads\/sites\/2\/2025\/04\/blanco.jpg 603w\" sizes=\"(max-width: 150px) 100vw, 150px\" \/><\/span><\/td>\n<td style=\"width: 49.9172%;\"><span style=\"font-family: tahoma, arial, helvetica, sans-serif;\"><strong>Laoul II<\/strong><\/span><\/p>\n<p><span style=\"font-family: tahoma, arial, helvetica, sans-serif;\"><strong>Technik:<\/strong> \u00d6lkreide<\/span><\/p>\n<p><span style=\"font-family: tahoma, arial, helvetica, sans-serif;\"><strong>Gr\u00f6\u00dfe: <\/strong>21 x 30 cm<\/span><\/p>\n<p><span style=\"font-family: tahoma, arial, helvetica, sans-serif;\"><strong>Werkverzeichnis:\u00a0<\/strong>LAO\/2\/89<\/span><\/p>\n<p>&nbsp;<\/p>\n<p>&nbsp;<\/td>\n<\/tr>\n<tr>\n<td style=\"width: 50%; text-align: center;\"><a href=\"https:\/\/thomas-bedel.de\/walter-zimbrich\/wp-content\/uploads\/sites\/2\/2026\/02\/Laoul_3.jpg\"><img decoding=\"async\" loading=\"lazy\" class=\"aligncenter size-thumbnail wp-image-5361\" src=\"https:\/\/thomas-bedel.de\/walter-zimbrich\/wp-content\/uploads\/sites\/2\/2026\/02\/Laoul_3-150x150.jpg\" alt=\"\" width=\"150\" height=\"150\" \/><\/a><\/td>\n<td style=\"width: 50%;\"><span style=\"font-family: tahoma, arial, helvetica, sans-serif;\"><strong>Laoul III<\/strong><\/span><\/p>\n<p><span style=\"font-family: tahoma, arial, helvetica, sans-serif;\"><strong>Technik:<\/strong> \u00d6lkreide<\/span><\/p>\n<p><span style=\"font-family: tahoma, arial, helvetica, sans-serif;\"><strong>Gr\u00f6\u00dfe: <\/strong>21 x 30 cm<\/span><\/p>\n<p><span style=\"font-family: tahoma, arial, helvetica, sans-serif;\"><strong>Werkverzeichnis:\u00a0<\/strong>LAO\/3\/89<\/span><\/p>\n<p>&nbsp;<\/td>\n<\/tr>\n<tr>\n<td style=\"width: 50.0828%;\"><span style=\"font-family: tahoma, arial, helvetica, sans-serif;\"><img decoding=\"async\" loading=\"lazy\" class=\"aligncenter size-thumbnail wp-image-2797\" src=\"https:\/\/thomas-bedel.de\/walter-zimbrich\/wp-content\/uploads\/sites\/2\/2025\/04\/blanco-150x150.jpg\" alt=\"\" width=\"150\" height=\"150\" srcset=\"https:\/\/thomas-bedel.de\/walter-zimbrich\/wp-content\/uploads\/sites\/2\/2025\/04\/blanco-150x150.jpg 150w, https:\/\/thomas-bedel.de\/walter-zimbrich\/wp-content\/uploads\/sites\/2\/2025\/04\/blanco-298x300.jpg 298w, https:\/\/thomas-bedel.de\/walter-zimbrich\/wp-content\/uploads\/sites\/2\/2025\/04\/blanco.jpg 603w\" sizes=\"(max-width: 150px) 100vw, 150px\" \/><\/span><\/td>\n<td style=\"width: 49.9172%;\"><span style=\"font-family: tahoma, arial, helvetica, sans-serif;\"><strong>Laoul IV<\/strong><\/span><\/p>\n<p><span style=\"font-family: tahoma, arial, helvetica, sans-serif;\"><strong>Technik:<\/strong> \u00d6lkreide<\/span><\/p>\n<p><span style=\"font-family: tahoma, arial, helvetica, sans-serif;\"><strong>Gr\u00f6\u00dfe: <\/strong>21 x 30 cm<\/span><\/p>\n<p><span style=\"font-family: tahoma, arial, helvetica, sans-serif;\"><strong>Werkverzeichnis:\u00a0<\/strong>LAO\/4\/89<\/span><\/p>\n<p>&nbsp;<\/p>\n<p>&nbsp;<\/td>\n<\/tr>\n<tr>\n<td style=\"width: 50%; text-align: center;\"><a href=\"https:\/\/thomas-bedel.de\/walter-zimbrich\/wp-content\/uploads\/sites\/2\/2026\/02\/Laoul_5.jpg\"><img decoding=\"async\" loading=\"lazy\" class=\"aligncenter size-thumbnail wp-image-5362\" src=\"https:\/\/thomas-bedel.de\/walter-zimbrich\/wp-content\/uploads\/sites\/2\/2026\/02\/Laoul_5-150x150.jpg\" alt=\"\" width=\"150\" height=\"150\" \/><\/a><\/td>\n<td style=\"width: 50%;\"><span style=\"font-family: tahoma, arial, helvetica, sans-serif;\"><strong>Laoul V<\/strong><\/span><\/p>\n<p><span style=\"font-family: tahoma, arial, helvetica, sans-serif;\"><strong>Technik:<\/strong> \u00d6lkreide<\/span><\/p>\n<p><span style=\"font-family: tahoma, arial, helvetica, sans-serif;\"><strong>Gr\u00f6\u00dfe: <\/strong>21 x 30 cm<\/span><\/p>\n<p><span style=\"font-family: tahoma, arial, helvetica, sans-serif;\"><strong>Werkverzeichnis:\u00a0<\/strong>LAO\/5\/89<\/span><\/p>\n<p>&nbsp;<\/td>\n<\/tr>\n<tr>\n<td style=\"width: 50.0828%; text-align: center;\"><a href=\"https:\/\/thomas-bedel.de\/walter-zimbrich\/wp-content\/uploads\/sites\/2\/2026\/02\/Laoul_6.jpg\"><img decoding=\"async\" loading=\"lazy\" class=\"aligncenter size-thumbnail wp-image-5363\" src=\"https:\/\/thomas-bedel.de\/walter-zimbrich\/wp-content\/uploads\/sites\/2\/2026\/02\/Laoul_6-150x150.jpg\" alt=\"\" width=\"150\" height=\"150\" \/><\/a><\/td>\n<td style=\"width: 49.9172%;\"><span style=\"font-family: tahoma, arial, helvetica, sans-serif;\"><strong>Laoul VI<\/strong><\/span><\/p>\n<p><span style=\"font-family: tahoma, arial, helvetica, sans-serif;\"><strong>Technik:<\/strong> \u00d6lkreide<\/span><\/p>\n<p><span style=\"font-family: tahoma, arial, helvetica, sans-serif;\"><strong>Gr\u00f6\u00dfe: <\/strong>21 x 30 cm<\/span><\/p>\n<p><span style=\"font-family: tahoma, arial, helvetica, sans-serif;\"><strong>Werkverzeichnis:\u00a0<\/strong>LAO\/6\/89<\/span><\/p>\n<p>&nbsp;<\/p>\n<p>&nbsp;<\/td>\n<\/tr>\n<tr>\n<td style=\"width: 50%; text-align: center;\"><a href=\"https:\/\/thomas-bedel.de\/walter-zimbrich\/wp-content\/uploads\/sites\/2\/2026\/02\/Laoul_7.jpg\"><img decoding=\"async\" loading=\"lazy\" class=\"aligncenter size-thumbnail wp-image-5364\" src=\"https:\/\/thomas-bedel.de\/walter-zimbrich\/wp-content\/uploads\/sites\/2\/2026\/02\/Laoul_7-150x150.jpg\" alt=\"\" width=\"150\" height=\"150\" \/><\/a><\/td>\n<td style=\"width: 50%;\"><span style=\"font-family: tahoma, arial, helvetica, sans-serif;\"><strong>Laoul VII<\/strong><\/span><\/p>\n<p><span style=\"font-family: tahoma, arial, helvetica, sans-serif;\"><strong>Technik:<\/strong> \u00d6lkreide<\/span><\/p>\n<p><span style=\"font-family: tahoma, arial, helvetica, sans-serif;\"><strong>Gr\u00f6\u00dfe: <\/strong>21 x 30 cm<\/span><\/p>\n<p><span style=\"font-family: tahoma, arial, helvetica, sans-serif;\"><strong>Werkverzeichnis:\u00a0<\/strong>LAO\/7\/89<\/span><\/p>\n<p>&nbsp;<\/td>\n<\/tr>\n<tr>\n<td style=\"width: 50.0828%; text-align: center;\"><a href=\"https:\/\/thomas-bedel.de\/walter-zimbrich\/wp-content\/uploads\/sites\/2\/2026\/02\/Laoul_8.jpg\"><img decoding=\"async\" loading=\"lazy\" class=\"aligncenter size-thumbnail wp-image-5365\" src=\"https:\/\/thomas-bedel.de\/walter-zimbrich\/wp-content\/uploads\/sites\/2\/2026\/02\/Laoul_8-150x150.jpg\" alt=\"\" width=\"150\" height=\"150\" \/><\/a><\/td>\n<td style=\"width: 49.9172%;\"><span style=\"font-family: tahoma, arial, helvetica, sans-serif;\"><strong>Laoul VIII<\/strong><\/span><\/p>\n<p><span style=\"font-family: tahoma, arial, helvetica, sans-serif;\"><strong>Technik:<\/strong> \u00d6lkreide<\/span><\/p>\n<p><span style=\"font-family: tahoma, arial, helvetica, sans-serif;\"><strong>Gr\u00f6\u00dfe: <\/strong>21 x 30 cm<\/span><\/p>\n<p><span style=\"font-family: tahoma, arial, helvetica, sans-serif;\"><strong>Werkverzeichnis:\u00a0<\/strong>LAO\/8\/89<\/span><\/p>\n<p>&nbsp;<\/td>\n<\/tr>\n<tr>\n<td style=\"width: 50%; text-align: center;\"><a href=\"https:\/\/thomas-bedel.de\/walter-zimbrich\/wp-content\/uploads\/sites\/2\/2026\/02\/Laoul_9.jpg\"><img decoding=\"async\" loading=\"lazy\" class=\"aligncenter size-thumbnail wp-image-5366\" src=\"https:\/\/thomas-bedel.de\/walter-zimbrich\/wp-content\/uploads\/sites\/2\/2026\/02\/Laoul_9-150x150.jpg\" alt=\"\" width=\"150\" height=\"150\" \/><\/a><\/td>\n<td style=\"width: 50%;\"><span style=\"font-family: tahoma, arial, helvetica, sans-serif;\"><strong>Laoul IX<\/strong><\/span><\/p>\n<p><span style=\"font-family: tahoma, arial, helvetica, sans-serif;\"><strong>Technik:<\/strong> \u00d6lkreide<\/span><\/p>\n<p><span style=\"font-family: tahoma, arial, helvetica, sans-serif;\"><strong>Gr\u00f6\u00dfe: <\/strong>21 x 30 cm<\/span><\/p>\n<p><span style=\"font-family: tahoma, arial, helvetica, sans-serif;\"><strong>Werkverzeichnis:\u00a0<\/strong>LAO\/9\/89<\/span><\/p>\n<p>&nbsp;<\/td>\n<\/tr>\n<tr>\n<td style=\"width: 50.0828%; text-align: center;\"><a href=\"https:\/\/thomas-bedel.de\/walter-zimbrich\/wp-content\/uploads\/sites\/2\/2026\/02\/Laoul_10.jpg\"><img decoding=\"async\" loading=\"lazy\" class=\"aligncenter size-thumbnail wp-image-5367\" src=\"https:\/\/thomas-bedel.de\/walter-zimbrich\/wp-content\/uploads\/sites\/2\/2026\/02\/Laoul_10-150x150.jpg\" alt=\"\" width=\"150\" height=\"150\" \/><\/a><\/td>\n<td style=\"width: 49.9172%;\"><span style=\"font-family: tahoma, arial, helvetica, sans-serif;\"><strong>Laoul X<\/strong><\/span><\/p>\n<p><span style=\"font-family: tahoma, arial, helvetica, sans-serif;\"><strong>Technik:<\/strong> \u00d6lkreide<\/span><\/p>\n<p><span style=\"font-family: tahoma, arial, helvetica, sans-serif;\"><strong>Gr\u00f6\u00dfe: <\/strong>21 x 30 cm<\/span><\/p>\n<p><span style=\"font-family: tahoma, arial, helvetica, sans-serif;\"><strong>Werkverzeichnis:\u00a0<\/strong>LAO\/10\/89<\/span><\/p>\n<p>&nbsp;<\/p>\n<p>&nbsp;<\/td>\n<\/tr>\n<tr>\n<td style=\"width: 50%; text-align: center;\"><a href=\"https:\/\/thomas-bedel.de\/walter-zimbrich\/wp-content\/uploads\/sites\/2\/2026\/02\/Laoul_11.jpg\"><img decoding=\"async\" loading=\"lazy\" class=\"aligncenter size-thumbnail wp-image-5368\" src=\"https:\/\/thomas-bedel.de\/walter-zimbrich\/wp-content\/uploads\/sites\/2\/2026\/02\/Laoul_11-150x150.jpg\" alt=\"\" width=\"150\" height=\"150\" \/><\/a><\/td>\n<td style=\"width: 50%;\"><span style=\"font-family: tahoma, arial, helvetica, sans-serif;\"><strong>Laoul XI<\/strong><\/span><\/p>\n<p><span style=\"font-family: tahoma, arial, helvetica, sans-serif;\"><strong>Technik:<\/strong> \u00d6lkreide<\/span><\/p>\n<p><span style=\"font-family: tahoma, arial, helvetica, sans-serif;\"><strong>Gr\u00f6\u00dfe: <\/strong>21 x 30 cm<\/span><\/p>\n<p><span style=\"font-family: tahoma, arial, helvetica, sans-serif;\"><strong>Werkverzeichnis:\u00a0<\/strong>LAO\/1\/89<\/span><\/p>\n<p>&nbsp;<\/td>\n<\/tr>\n<tr>\n<td style=\"width: 50.0828%; text-align: center;\"><a href=\"https:\/\/thomas-bedel.de\/walter-zimbrich\/wp-content\/uploads\/sites\/2\/2026\/02\/Laoul_12.jpg\"><img decoding=\"async\" loading=\"lazy\" class=\"aligncenter size-thumbnail wp-image-5369\" src=\"https:\/\/thomas-bedel.de\/walter-zimbrich\/wp-content\/uploads\/sites\/2\/2026\/02\/Laoul_12-150x150.jpg\" alt=\"\" width=\"150\" height=\"150\" \/><\/a><\/td>\n<td style=\"width: 49.9172%;\"><span style=\"font-family: tahoma, arial, helvetica, sans-serif;\"><strong>Laoul XII<\/strong><\/span><\/p>\n<p><span style=\"font-family: tahoma, arial, helvetica, sans-serif;\"><strong>Technik:<\/strong> \u00d6lkreide<\/span><\/p>\n<p><span style=\"font-family: tahoma, arial, helvetica, sans-serif;\"><strong>Gr\u00f6\u00dfe: <\/strong>21 x 30 cm<\/span><\/p>\n<p><span style=\"font-family: tahoma, arial, helvetica, sans-serif;\"><strong>Werkverzeichnis:\u00a0<\/strong>LAO\/12\/89<\/span><\/p>\n<p>&nbsp;<\/p>\n<p>&nbsp;<\/td>\n<\/tr>\n<tr>\n<td style=\"width: 50.0828%;\"><span style=\"font-family: tahoma, arial, helvetica, sans-serif;\"><img decoding=\"async\" loading=\"lazy\" class=\"aligncenter size-thumbnail wp-image-2797\" src=\"https:\/\/thomas-bedel.de\/walter-zimbrich\/wp-content\/uploads\/sites\/2\/2025\/04\/blanco-150x150.jpg\" alt=\"\" width=\"150\" height=\"150\" srcset=\"https:\/\/thomas-bedel.de\/walter-zimbrich\/wp-content\/uploads\/sites\/2\/2025\/04\/blanco-150x150.jpg 150w, https:\/\/thomas-bedel.de\/walter-zimbrich\/wp-content\/uploads\/sites\/2\/2025\/04\/blanco-298x300.jpg 298w, https:\/\/thomas-bedel.de\/walter-zimbrich\/wp-content\/uploads\/sites\/2\/2025\/04\/blanco.jpg 603w\" sizes=\"(max-width: 150px) 100vw, 150px\" \/><\/span><\/td>\n<td style=\"width: 49.9172%;\"><span style=\"font-family: tahoma, arial, helvetica, sans-serif;\"><strong>Laoul XIII<\/strong><\/span><\/p>\n<p><span style=\"font-family: tahoma, arial, helvetica, sans-serif;\"><strong>Technik:<\/strong> \u00d6lkreide<\/span><\/p>\n<p><span style=\"font-family: tahoma, arial, helvetica, sans-serif;\"><strong>Gr\u00f6\u00dfe: <\/strong>21 x 30 cm<\/span><\/p>\n<p><span style=\"font-family: tahoma, arial, helvetica, sans-serif;\"><strong>Werkverzeichnis:\u00a0<\/strong>LAO\/13\/89<\/span><\/p>\n<p>&nbsp;<\/p>\n<p>&nbsp;<\/td>\n<\/tr>\n<\/tbody>\n<\/table>\n","protected":false},"excerpt":{"rendered":"<p>Laoul I Technik: \u00d6lkreide Gr\u00f6\u00dfe: 21 x 30 cm Werkverzeichnis:\u00a0LAO\/1\/89 &nbsp; Laoul II Technik: \u00d6lkreide Gr\u00f6\u00dfe: 21 x 30 cm Werkverzeichnis:\u00a0LAO\/2\/89 &nbsp; &nbsp; Laoul III Technik: \u00d6lkreide Gr\u00f6\u00dfe: 21 x 30 cm Werkverzeichnis:\u00a0LAO\/3\/89 &nbsp; Laoul IV Technik: \u00d6lkreide Gr\u00f6\u00dfe: 21 x 30 cm Werkverzeichnis:\u00a0LAO\/4\/89 &nbsp; &nbsp; Laoul V Technik: \u00d6lkreide Gr\u00f6\u00dfe: 21 x 30 cm<\/p>\n","protected":false},"author":1,"featured_media":0,"parent":0,"menu_order":0,"comment_status":"closed","ping_status":"closed","template":"","meta":{"_coblocks_attr":"","_coblocks_dimensions":"","_coblocks_responsive_height":"","_coblocks_accordion_ie_support":"","_links_to":"","_links_to_target":""},"_links":{"self":[{"href":"https:\/\/thomas-bedel.de\/walter-zimbrich\/wp-json\/wp\/v2\/pages\/5359"}],"collection":[{"href":"https:\/\/thomas-bedel.de\/walter-zimbrich\/wp-json\/wp\/v2\/pages"}],"about":[{"href":"https:\/\/thomas-bedel.de\/walter-zimbrich\/wp-json\/wp\/v2\/types\/page"}],"author":[{"embeddable":true,"href":"https:\/\/thomas-bedel.de\/walter-zimbrich\/wp-json\/wp\/v2\/users\/1"}],"replies":[{"embeddable":true,"href":"https:\/\/thomas-bedel.de\/walter-zimbrich\/wp-json\/wp\/v2\/comments?post=5359"}],"version-history":[{"count":2,"href":"https:\/\/thomas-bedel.de\/walter-zimbrich\/wp-json\/wp\/v2\/pages\/5359\/revisions"}],"predecessor-version":[{"id":5770,"href":"https:\/\/thomas-bedel.de\/walter-zimbrich\/wp-json\/wp\/v2\/pages\/5359\/revisions\/5770"}],"wp:attachment":[{"href":"https:\/\/thomas-bedel.de\/walter-zimbrich\/wp-json\/wp\/v2\/media?parent=5359"}],"curies":[{"name":"wp","href":"https:\/\/api.w.org\/{rel}","templated":true}]}}